{"id":16521,"date":"2021-04-20T12:42:16","date_gmt":"2021-04-20T09:42:16","guid":{"rendered":"http:\/\/joematkad.ee\/?page_id=16521"},"modified":"2023-01-23T14:34:37","modified_gmt":"2023-01-23T12:34:37","slug":"amme-jogi","status":"publish","type":"page","link":"https:\/\/joematkad.ee\/en\/amme-jogi\/","title":{"rendered":"(Eesti) Amme j\u00f5gi"},"content":{"rendered":"<p class=\"qtranxs-available-languages-message qtranxs-available-languages-message-en\">Sorry, this entry is only available in <a href=\"https:\/\/joematkad.ee\/et\/wp-json\/wp\/v2\/pages\/16521\" class=\"qtranxs-available-language-link qtranxs-available-language-link-et\" title=\"Eesti\">Eesti<\/a>.<\/p>","protected":false},"excerpt":{"rendered":"<p>Sorry, this entry is only available in Eesti.<\/p>\n","protected":false},"author":1,"featured_media":0,"parent":0,"menu_order":0,"comment_status":"closed","ping_status":"closed","template":"","meta":{"_monsterinsights_skip_tracking":false,"_monsterinsights_sitenote_active":false,"_monsterinsights_sitenote_note":"","_monsterinsights_sitenote_category":0,"footnotes":""},"class_list":["post-16521","page","type-page","status-publish","hentry"],"aioseo_notices":[],"yoast_head":"<!-- This site is optimized with the Yoast SEO plugin v24.2 - https:\/\/yoast.com\/wordpress\/plugins\/seo\/ -->\n<title>(Eesti) Amme j\u00f5gi | J\u00f5ematkad<\/title>\n<meta name=\"description\" content=\"Amme j\u00f5e marsruut sisustab teile m\u00f5nusa pikkusega matkap\u00e4eva kaunite looduslike ja poollooduslike maastike keskel. Kanuus\u00f5it kulgeb t\u00e4ies ulatuses allavoolu ja on j\u00f5ukohane ka algajatele. Sobib h\u00e4sti p\u00e4evaseks perepuhkuseks v\u00f5i v\u00e4ljas\u00f5iduks rohelusse koos s\u00f5pruskonna v\u00f5i t\u00f6\u00f6kollektiiviga.\" \/>\n<meta name=\"robots\" content=\"index, follow, max-snippet:-1, max-image-preview:large, max-video-preview:-1\" \/>\n<link rel=\"canonical\" href=\"https:\/\/www.joematkad.ee\/amme-jogi\/\" \/>\n<meta property=\"og:locale\" content=\"en_US\" \/>\n<meta property=\"og:type\" content=\"article\" \/>\n<meta property=\"og:title\" content=\"(Eesti) Amme j\u00f5gi | J\u00f5ematkad\" \/>\n<meta property=\"og:description\" content=\"Amme j\u00f5e marsruut sisustab teile m\u00f5nusa pikkusega matkap\u00e4eva kaunite looduslike ja poollooduslike maastike keskel. Kanuus\u00f5it kulgeb t\u00e4ies ulatuses allavoolu ja on j\u00f5ukohane ka algajatele. Sobib h\u00e4sti p\u00e4evaseks perepuhkuseks v\u00f5i v\u00e4ljas\u00f5iduks rohelusse koos s\u00f5pruskonna v\u00f5i t\u00f6\u00f6kollektiiviga.\" \/>\n<meta property=\"og:url\" content=\"https:\/\/www.joematkad.ee\/amme-jogi\/\" \/>\n<meta property=\"og:site_name\" content=\"J\u00f5ematkad\" \/>\n<meta property=\"article:publisher\" content=\"https:\/\/www.facebook.com\/Joematkad.ee\/\" \/>\n<meta property=\"article:modified_time\" content=\"2023-01-23T12:34:37+00:00\" \/>\n<meta name=\"twitter:card\" content=\"summary_large_image\" \/>\n<meta name=\"twitter:label1\" content=\"Est. reading time\" \/>\n\t<meta name=\"twitter:data1\" content=\"2 minutes\" \/>\n<script type=\"application\/ld+json\" class=\"yoast-schema-graph\">{\"@context\":\"https:\/\/schema.org\",\"@graph\":[{\"@type\":\"WebPage\",\"@id\":\"https:\/\/www.joematkad.ee\/amme-jogi\/\",\"url\":\"https:\/\/www.joematkad.ee\/amme-jogi\/\",\"name\":\"(Eesti) Amme j\u00f5gi | J\u00f5ematkad\",\"isPartOf\":{\"@id\":\"https:\/\/www.joematkad.ee\/#website\"},\"datePublished\":\"2021-04-20T09:42:16+00:00\",\"dateModified\":\"2023-01-23T12:34:37+00:00\",\"description\":\"Amme j\u00f5e marsruut sisustab teile m\u00f5nusa pikkusega matkap\u00e4eva kaunite looduslike ja poollooduslike maastike keskel. Kanuus\u00f5it kulgeb t\u00e4ies ulatuses allavoolu ja on j\u00f5ukohane ka algajatele. Sobib h\u00e4sti p\u00e4evaseks perepuhkuseks v\u00f5i v\u00e4ljas\u00f5iduks rohelusse koos s\u00f5pruskonna v\u00f5i t\u00f6\u00f6kollektiiviga.\",\"breadcrumb\":{\"@id\":\"https:\/\/www.joematkad.ee\/amme-jogi\/#breadcrumb\"},\"inLanguage\":\"en-US\",\"potentialAction\":[{\"@type\":\"ReadAction\",\"target\":[\"https:\/\/www.joematkad.ee\/amme-jogi\/\"]}]},{\"@type\":\"BreadcrumbList\",\"@id\":\"https:\/\/www.joematkad.ee\/amme-jogi\/#breadcrumb\",\"itemListElement\":[{\"@type\":\"ListItem\",\"position\":1,\"name\":\"Home\",\"item\":\"https:\/\/www.joematkad.ee\/\"},{\"@type\":\"ListItem\",\"position\":2,\"name\":\"Amme j\u00f5gi\"}]},{\"@type\":\"WebSite\",\"@id\":\"https:\/\/www.joematkad.ee\/#website\",\"url\":\"https:\/\/www.joematkad.ee\/\",\"name\":\"J\u00f5ematkad\",\"description\":\"Kanuuretked\",\"potentialAction\":[{\"@type\":\"SearchAction\",\"target\":{\"@type\":\"EntryPoint\",\"urlTemplate\":\"https:\/\/www.joematkad.ee\/?s={search_term_string}\"},\"query-input\":{\"@type\":\"PropertyValueSpecification\",\"valueRequired\":true,\"valueName\":\"search_term_string\"}}],\"inLanguage\":\"en-US\"}]}<\/script>\n<!-- \/ Yoast SEO plugin. -->","yoast_head_json":{"title":"(Eesti) Amme j\u00f5gi | J\u00f5ematkad","description":"Amme j\u00f5e marsruut sisustab teile m\u00f5nusa pikkusega matkap\u00e4eva kaunite looduslike ja poollooduslike maastike keskel. Kanuus\u00f5it kulgeb t\u00e4ies ulatuses allavoolu ja on j\u00f5ukohane ka algajatele. Sobib h\u00e4sti p\u00e4evaseks perepuhkuseks v\u00f5i v\u00e4ljas\u00f5iduks rohelusse koos s\u00f5pruskonna v\u00f5i t\u00f6\u00f6kollektiiviga.","robots":{"index":"index","follow":"follow","max-snippet":"max-snippet:-1","max-image-preview":"max-image-preview:large","max-video-preview":"max-video-preview:-1"},"canonical":"https:\/\/www.joematkad.ee\/amme-jogi\/","og_locale":"en_US","og_type":"article","og_title":"(Eesti) Amme j\u00f5gi | J\u00f5ematkad","og_description":"Amme j\u00f5e marsruut sisustab teile m\u00f5nusa pikkusega matkap\u00e4eva kaunite looduslike ja poollooduslike maastike keskel. Kanuus\u00f5it kulgeb t\u00e4ies ulatuses allavoolu ja on j\u00f5ukohane ka algajatele. Sobib h\u00e4sti p\u00e4evaseks perepuhkuseks v\u00f5i v\u00e4ljas\u00f5iduks rohelusse koos s\u00f5pruskonna v\u00f5i t\u00f6\u00f6kollektiiviga.","og_url":"https:\/\/www.joematkad.ee\/amme-jogi\/","og_site_name":"J\u00f5ematkad","article_publisher":"https:\/\/www.facebook.com\/Joematkad.ee\/","article_modified_time":"2023-01-23T12:34:37+00:00","twitter_card":"summary_large_image","twitter_misc":{"Est. reading time":"2 minutes"},"schema":{"@context":"https:\/\/schema.org","@graph":[{"@type":"WebPage","@id":"https:\/\/www.joematkad.ee\/amme-jogi\/","url":"https:\/\/www.joematkad.ee\/amme-jogi\/","name":"(Eesti) Amme j\u00f5gi | J\u00f5ematkad","isPartOf":{"@id":"https:\/\/www.joematkad.ee\/#website"},"datePublished":"2021-04-20T09:42:16+00:00","dateModified":"2023-01-23T12:34:37+00:00","description":"Amme j\u00f5e marsruut sisustab teile m\u00f5nusa pikkusega matkap\u00e4eva kaunite looduslike ja poollooduslike maastike keskel. Kanuus\u00f5it kulgeb t\u00e4ies ulatuses allavoolu ja on j\u00f5ukohane ka algajatele. Sobib h\u00e4sti p\u00e4evaseks perepuhkuseks v\u00f5i v\u00e4ljas\u00f5iduks rohelusse koos s\u00f5pruskonna v\u00f5i t\u00f6\u00f6kollektiiviga.","breadcrumb":{"@id":"https:\/\/www.joematkad.ee\/amme-jogi\/#breadcrumb"},"inLanguage":"en-US","potentialAction":[{"@type":"ReadAction","target":["https:\/\/www.joematkad.ee\/amme-jogi\/"]}]},{"@type":"BreadcrumbList","@id":"https:\/\/www.joematkad.ee\/amme-jogi\/#breadcrumb","itemListElement":[{"@type":"ListItem","position":1,"name":"Home","item":"https:\/\/www.joematkad.ee\/"},{"@type":"ListItem","position":2,"name":"Amme j\u00f5gi"}]},{"@type":"WebSite","@id":"https:\/\/www.joematkad.ee\/#website","url":"https:\/\/www.joematkad.ee\/","name":"J\u00f5ematkad","description":"Kanuuretked","potentialAction":[{"@type":"SearchAction","target":{"@type":"EntryPoint","urlTemplate":"https:\/\/www.joematkad.ee\/?s={search_term_string}"},"query-input":{"@type":"PropertyValueSpecification","valueRequired":true,"valueName":"search_term_string"}}],"inLanguage":"en-US"}]}},"_links":{"self":[{"href":"https:\/\/joematkad.ee\/en\/wp-json\/wp\/v2\/pages\/16521","targetHints":{"allow":["GET"]}}],"collection":[{"href":"https:\/\/joematkad.ee\/en\/wp-json\/wp\/v2\/pages"}],"about":[{"href":"https:\/\/joematkad.ee\/en\/wp-json\/wp\/v2\/types\/page"}],"author":[{"embeddable":true,"href":"https:\/\/joematkad.ee\/en\/wp-json\/wp\/v2\/users\/1"}],"replies":[{"embeddable":true,"href":"https:\/\/joematkad.ee\/en\/wp-json\/wp\/v2\/comments?post=16521"}],"version-history":[{"count":5,"href":"https:\/\/joematkad.ee\/en\/wp-json\/wp\/v2\/pages\/16521\/revisions"}],"predecessor-version":[{"id":16659,"href":"https:\/\/joematkad.ee\/en\/wp-json\/wp\/v2\/pages\/16521\/revisions\/16659"}],"wp:attachment":[{"href":"https:\/\/joematkad.ee\/en\/wp-json\/wp\/v2\/media?parent=16521"}],"curies":[{"name":"wp","href":"https:\/\/api.w.org\/{rel}","templated":true}]}}