{"id":16458,"date":"2021-04-15T16:11:38","date_gmt":"2021-04-15T13:11:38","guid":{"rendered":"http:\/\/joematkad.ee\/?page_id=16458"},"modified":"2024-05-17T11:31:45","modified_gmt":"2024-05-17T08:31:45","slug":"kanuusoit-emajoel","status":"publish","type":"page","link":"https:\/\/joematkad.ee\/en\/matkapaketid\/kanuusoit-emajoel\/","title":{"rendered":"Canoe trip on the outskirts of Tartu"},"content":{"rendered":"<div class=\"wpb-content-wrapper\"><p>[vc_row][vc_column width=&#8221;2\/3&#8243;][vc_column_text]Canoeing on the outskirts of Tartu is a convenient way to get away from the city for couple of hours to enjoy the greenery and calmly flowing river Emaj\u00f5gi.[\/vc_column_text][vc_column_text]The start and end of the canoe tour is only a quarter of an hour&#8217;s walk from the Tartu town hall, although formally the route fits within the city limits of Tartu, it is still a nature trip rather than a city tour.<\/p>\n<p>The route runs upstream to village Kvissentali and then heads back to Tartu. This canoe ride is also suitable for complete beginners, the river is calm in the Tartu area and no special preparations or skills are needed to participate this trip.<\/p>\n<p>The trip lasts about 2 hours, the length of the route is about 6 km, this tour takes place during the daytime.[\/vc_column_text][vc_column_text]<\/p>\n<h5>PRICE LIST<\/h5>\n<p>When ordering a private canoe trip for your group:<\/p>\n<ul>\n<li><strong>1-2 people = 70 \u20ac in total<\/strong><\/li>\n<li><strong>3-4 people = 100 \u20ac in total<\/strong><\/li>\n<li><strong>5+ people = 20 \u20ac\/participant<\/strong><\/li>\n<\/ul>\n<p>When joining a <strong><a href=\"https:\/\/joematkad.ee\/en\/avalikud-grupimatkad\/\" target=\"_blank\" rel=\"noopener\">public scheduled trip<\/a><\/strong>, the price is <strong>\u20ac20\/person<\/strong>.<\/p>\n<p>NB! A child up the age of 12 years old who is accompanied by two adults can join the trip for free (on the middle seat of the canoe).<\/p>\n<h4>Price includes:<\/h4>\n<ul>\n<li>seating place in a canoe<\/li>\n<li>necessary equipment (paddle and PFD)<\/li>\n<li>pre-ride briefing<\/li>\n<li>if you wish, our instructor will accompany the group<\/li>\n<\/ul>\n<h4>NEED TO KNOW BEFORE THE TRIP<\/h4>\n<ul>\n<li>You must be sober to participate the trip.<\/li>\n<li>Choose clothing suitable for the weather. Please note that in addition to your clothes, you must also wear the life jacket provided by us.<\/li>\n<\/ul>\n<h4>ADDITIONAL INFORMATION AND BOOKING<\/h4>\n<p>By e-mail: info@joematkad.ee<\/p>\n<p>Telephone: +372 5569 6970[\/vc_column_text][\/vc_column][vc_column width=&#8221;1\/3&#8243;][vc_empty_space][vc_gallery type=&#8221;image_grid&#8221; images=&#8221;16463,16465,16462,16527,16464&#8243;][\/vc_column][\/vc_row]<\/p>\n<\/div>","protected":false},"excerpt":{"rendered":"<p>[vc_row][vc_column width=&#8221;2\/3&#8243;][vc_column_text]Canoeing on the outskirts of Tartu is a convenient way to get away from the city for couple of hours to enjoy the greenery and calmly flowing river Emaj\u00f5gi.[\/vc_column_text][vc_column_text]The start and end of the canoe tour is only a quarter of an hour&#8217;s walk from the Tartu town hall, although formally the route fits within the city limits of Tartu, it is still a nature trip rather than a city tour. The route runs upstream to village Kvissentali and then heads back to Tartu. This canoe ride is also suitable for complete beginners, the river is calm in the Tartu area and no special preparations or skills are needed to participate this trip. The trip lasts about 2 hours, the length of the route is about 6 km, this tour takes place during the daytime.[\/vc_column_text][vc_column_text] PRICE LIST When ordering a private canoe trip for your group: 1-2 people = 70 \u20ac in total 3-4 people = 100 \u20ac in total 5+ people = 20 \u20ac\/participant When joining a public scheduled trip, the price is \u20ac20\/person. NB! A child up the age of 12 years old who is accompanied by two adults can join the trip for free (on the [&hellip;]<\/p>\n","protected":false},"author":1,"featured_media":0,"parent":15496,"menu_order":0,"comment_status":"closed","ping_status":"closed","template":"","meta":{"_monsterinsights_skip_tracking":false,"_monsterinsights_sitenote_active":false,"_monsterinsights_sitenote_note":"","_monsterinsights_sitenote_category":0,"footnotes":""},"class_list":["post-16458","page","type-page","status-publish","hentry"],"aioseo_notices":[],"yoast_head":"<!-- This site is optimized with the Yoast SEO plugin v24.2 - https:\/\/yoast.com\/wordpress\/plugins\/seo\/ -->\n<title>Canoe trip on the outskirts of Tartu | J\u00f5ematkad<\/title>\n<meta name=\"description\" content=\"Kanuus\u00f5it Emaj\u00f5el on mugav v\u00f5imalus paariks tunniks linnak\u00e4ra eest p\u00f5genemiseks, et nautida rahulikult voolavat Emaj\u00f5ge ja Tartu k\u00fclje alla j\u00e4\u00e4vat rohelust.\" \/>\n<meta name=\"robots\" content=\"index, follow, max-snippet:-1, max-image-preview:large, max-video-preview:-1\" \/>\n<link rel=\"canonical\" href=\"https:\/\/joematkad.ee\/matkapaketid\/kanuusoit-emajoel\/\" \/>\n<meta property=\"og:locale\" content=\"en_US\" \/>\n<meta property=\"og:type\" content=\"article\" \/>\n<meta property=\"og:title\" content=\"Canoe trip on the outskirts of Tartu | J\u00f5ematkad\" \/>\n<meta property=\"og:description\" content=\"Kanuus\u00f5it Emaj\u00f5el on mugav v\u00f5imalus paariks tunniks linnak\u00e4ra eest p\u00f5genemiseks, et nautida rahulikult voolavat Emaj\u00f5ge ja Tartu k\u00fclje alla j\u00e4\u00e4vat rohelust.\" \/>\n<meta property=\"og:url\" content=\"https:\/\/joematkad.ee\/matkapaketid\/kanuusoit-emajoel\/\" \/>\n<meta property=\"og:site_name\" content=\"J\u00f5ematkad\" \/>\n<meta property=\"article:publisher\" content=\"https:\/\/www.facebook.com\/Joematkad.ee\/\" \/>\n<meta property=\"article:modified_time\" content=\"2024-05-17T08:31:45+00:00\" \/>\n<meta name=\"twitter:card\" content=\"summary_large_image\" \/>\n<meta name=\"twitter:label1\" content=\"Est. reading time\" \/>\n\t<meta name=\"twitter:data1\" content=\"3 minutes\" \/>\n<script type=\"application\/ld+json\" class=\"yoast-schema-graph\">{\"@context\":\"https:\/\/schema.org\",\"@graph\":[{\"@type\":\"WebPage\",\"@id\":\"https:\/\/joematkad.ee\/matkapaketid\/kanuusoit-emajoel\/\",\"url\":\"https:\/\/joematkad.ee\/matkapaketid\/kanuusoit-emajoel\/\",\"name\":\"Canoe trip on the outskirts of Tartu | J\u00f5ematkad\",\"isPartOf\":{\"@id\":\"https:\/\/www.joematkad.ee\/#website\"},\"datePublished\":\"2021-04-15T13:11:38+00:00\",\"dateModified\":\"2024-05-17T08:31:45+00:00\",\"description\":\"Kanuus\u00f5it Emaj\u00f5el on mugav v\u00f5imalus paariks tunniks linnak\u00e4ra eest p\u00f5genemiseks, et nautida rahulikult voolavat Emaj\u00f5ge ja Tartu k\u00fclje alla j\u00e4\u00e4vat rohelust.\",\"breadcrumb\":{\"@id\":\"https:\/\/joematkad.ee\/matkapaketid\/kanuusoit-emajoel\/#breadcrumb\"},\"inLanguage\":\"en-US\",\"potentialAction\":[{\"@type\":\"ReadAction\",\"target\":[\"https:\/\/joematkad.ee\/matkapaketid\/kanuusoit-emajoel\/\"]}]},{\"@type\":\"BreadcrumbList\",\"@id\":\"https:\/\/joematkad.ee\/matkapaketid\/kanuusoit-emajoel\/#breadcrumb\",\"itemListElement\":[{\"@type\":\"ListItem\",\"position\":1,\"name\":\"Home\",\"item\":\"https:\/\/www.joematkad.ee\/\"},{\"@type\":\"ListItem\",\"position\":2,\"name\":\"Matkapaketid\",\"item\":\"https:\/\/joematkad.ee\/matkapaketid\/\"},{\"@type\":\"ListItem\",\"position\":3,\"name\":\"Kanuus\u00f5it Emaj\u00f5el\"}]},{\"@type\":\"WebSite\",\"@id\":\"https:\/\/www.joematkad.ee\/#website\",\"url\":\"https:\/\/www.joematkad.ee\/\",\"name\":\"J\u00f5ematkad\",\"description\":\"Kanuuretked\",\"potentialAction\":[{\"@type\":\"SearchAction\",\"target\":{\"@type\":\"EntryPoint\",\"urlTemplate\":\"https:\/\/www.joematkad.ee\/?s={search_term_string}\"},\"query-input\":{\"@type\":\"PropertyValueSpecification\",\"valueRequired\":true,\"valueName\":\"search_term_string\"}}],\"inLanguage\":\"en-US\"}]}<\/script>\n<!-- \/ Yoast SEO plugin. -->","yoast_head_json":{"title":"Canoe trip on the outskirts of Tartu | J\u00f5ematkad","description":"Kanuus\u00f5it Emaj\u00f5el on mugav v\u00f5imalus paariks tunniks linnak\u00e4ra eest p\u00f5genemiseks, et nautida rahulikult voolavat Emaj\u00f5ge ja Tartu k\u00fclje alla j\u00e4\u00e4vat rohelust.","robots":{"index":"index","follow":"follow","max-snippet":"max-snippet:-1","max-image-preview":"max-image-preview:large","max-video-preview":"max-video-preview:-1"},"canonical":"https:\/\/joematkad.ee\/matkapaketid\/kanuusoit-emajoel\/","og_locale":"en_US","og_type":"article","og_title":"Canoe trip on the outskirts of Tartu | J\u00f5ematkad","og_description":"Kanuus\u00f5it Emaj\u00f5el on mugav v\u00f5imalus paariks tunniks linnak\u00e4ra eest p\u00f5genemiseks, et nautida rahulikult voolavat Emaj\u00f5ge ja Tartu k\u00fclje alla j\u00e4\u00e4vat rohelust.","og_url":"https:\/\/joematkad.ee\/matkapaketid\/kanuusoit-emajoel\/","og_site_name":"J\u00f5ematkad","article_publisher":"https:\/\/www.facebook.com\/Joematkad.ee\/","article_modified_time":"2024-05-17T08:31:45+00:00","twitter_card":"summary_large_image","twitter_misc":{"Est. reading time":"3 minutes"},"schema":{"@context":"https:\/\/schema.org","@graph":[{"@type":"WebPage","@id":"https:\/\/joematkad.ee\/matkapaketid\/kanuusoit-emajoel\/","url":"https:\/\/joematkad.ee\/matkapaketid\/kanuusoit-emajoel\/","name":"Canoe trip on the outskirts of Tartu | J\u00f5ematkad","isPartOf":{"@id":"https:\/\/www.joematkad.ee\/#website"},"datePublished":"2021-04-15T13:11:38+00:00","dateModified":"2024-05-17T08:31:45+00:00","description":"Kanuus\u00f5it Emaj\u00f5el on mugav v\u00f5imalus paariks tunniks linnak\u00e4ra eest p\u00f5genemiseks, et nautida rahulikult voolavat Emaj\u00f5ge ja Tartu k\u00fclje alla j\u00e4\u00e4vat rohelust.","breadcrumb":{"@id":"https:\/\/joematkad.ee\/matkapaketid\/kanuusoit-emajoel\/#breadcrumb"},"inLanguage":"en-US","potentialAction":[{"@type":"ReadAction","target":["https:\/\/joematkad.ee\/matkapaketid\/kanuusoit-emajoel\/"]}]},{"@type":"BreadcrumbList","@id":"https:\/\/joematkad.ee\/matkapaketid\/kanuusoit-emajoel\/#breadcrumb","itemListElement":[{"@type":"ListItem","position":1,"name":"Home","item":"https:\/\/www.joematkad.ee\/"},{"@type":"ListItem","position":2,"name":"Matkapaketid","item":"https:\/\/joematkad.ee\/matkapaketid\/"},{"@type":"ListItem","position":3,"name":"Kanuus\u00f5it Emaj\u00f5el"}]},{"@type":"WebSite","@id":"https:\/\/www.joematkad.ee\/#website","url":"https:\/\/www.joematkad.ee\/","name":"J\u00f5ematkad","description":"Kanuuretked","potentialAction":[{"@type":"SearchAction","target":{"@type":"EntryPoint","urlTemplate":"https:\/\/www.joematkad.ee\/?s={search_term_string}"},"query-input":{"@type":"PropertyValueSpecification","valueRequired":true,"valueName":"search_term_string"}}],"inLanguage":"en-US"}]}},"_links":{"self":[{"href":"https:\/\/joematkad.ee\/en\/wp-json\/wp\/v2\/pages\/16458","targetHints":{"allow":["GET"]}}],"collection":[{"href":"https:\/\/joematkad.ee\/en\/wp-json\/wp\/v2\/pages"}],"about":[{"href":"https:\/\/joematkad.ee\/en\/wp-json\/wp\/v2\/types\/page"}],"author":[{"embeddable":true,"href":"https:\/\/joematkad.ee\/en\/wp-json\/wp\/v2\/users\/1"}],"replies":[{"embeddable":true,"href":"https:\/\/joematkad.ee\/en\/wp-json\/wp\/v2\/comments?post=16458"}],"version-history":[{"count":5,"href":"https:\/\/joematkad.ee\/en\/wp-json\/wp\/v2\/pages\/16458\/revisions"}],"predecessor-version":[{"id":16802,"href":"https:\/\/joematkad.ee\/en\/wp-json\/wp\/v2\/pages\/16458\/revisions\/16802"}],"up":[{"embeddable":true,"href":"https:\/\/joematkad.ee\/en\/wp-json\/wp\/v2\/pages\/15496"}],"wp:attachment":[{"href":"https:\/\/joematkad.ee\/en\/wp-json\/wp\/v2\/media?parent=16458"}],"curies":[{"name":"wp","href":"https:\/\/api.w.org\/{rel}","templated":true}]}}