{"id":16349,"date":"2020-05-04T13:09:10","date_gmt":"2020-05-04T10:09:10","guid":{"rendered":"https:\/\/joematkad.ee\/?page_id=16349"},"modified":"2023-01-23T15:20:59","modified_gmt":"2023-01-23T13:20:59","slug":"kopravaatlus","status":"publish","type":"page","link":"https:\/\/joematkad.ee\/en\/kopravaatlus\/","title":{"rendered":"Beaver safari on canoes"},"content":{"rendered":"<div class=\"wpb-content-wrapper\"><p>[vc_row][vc_column width=&#8221;2\/3&#8243;][vc_column_text]<strong>An evening canoe trip to see the beavers bustling on the shores and in the calm waters of river Emaj\u00f5gi right on the outskirts of Tartu.<\/strong><\/p>\n<p>The trip takes place in a small group, led by an experienced instructor.<\/p>\n<p>Best time to observe beavers is in May and June.<\/p>\n<p>Joining in does not require any special canoeing skills or great strength. It is suitable even for first-timers. The group will go through instructions about canoeing and beaver-watching before going on the water.<\/p>\n<p>Our canoes are steady and river Emaj\u00f5gi flows rather calm and slow. So there\u2019s no need to worry about tipping over.<\/p>\n<p>The adventure lasts about 2-3 hours and is about 6 kilometres long.[\/vc_column_text][vc_column_text]<strong>PRICE LIST<\/strong><\/p>\n<p><strong>The prices for a private Beaver safari for your group are as follows:<\/strong><br \/>\n<strong>\u2022 1-2 persons = 100\u20ac total<\/strong><br \/>\n<strong>\u2022 3+ persons = 35 \u20ac per person<\/strong><\/p>\n<p>Joining our public <a href=\"https:\/\/joematkad.ee\/en\/plaanilised-matkad\/\">Beaver safari canoe trip<\/a> is 3<strong>5 \u20ac per person.<\/strong><\/p>\n<p>NB! Beavers are afraid of the crowds so we do this kind of trips only in a small group (<strong>maximum is 9 people<\/strong>).<\/p>\n<p><strong>PRICE INCLUDES:\u00a0<\/strong><\/p>\n<ul>\n<li>Seat in a canoe<\/li>\n<li>Necessary equipment (a paddle and a life-jacket)<\/li>\n<li>Briefing before the trip<\/li>\n<li>Instructors services during the trip<\/li>\n<\/ul>\n<p>[\/vc_column_text][vc_column_text]<strong>BEFORE COMING TO OUR TRIP YOU SHOULD KNOW:<\/strong><\/p>\n<ul>\n<li>If you have to drink alcohol then you stay on the shore.<\/li>\n<li>Consider that the goal of this trip is beavers-watching, therefore it is necessary to follow the instructor, otherwise you ruin the experience for the entire group.<\/li>\n<li>Do not use strong scents (perfumes, mosquito repellents) before the trip.<\/li>\n<li>Bring warm clothes. You may have to stay still for a longer period of time to see beavers, and the evenings may get chilly. Don\u2019t forget that besides clothes you also have to wear a life-jacket we provide you.<\/li>\n<li>This trip is not suitable for small children or pets.<\/li>\n<\/ul>\n<p>&nbsp;<\/p>\n<p><strong>ADDITIONAL INFORMATION AND REGISTERING<\/strong><br \/>\nVia e-mail:\u00a0<strong>info@joematkad.ee<\/strong><br \/>\nOr by phone: (+372) 55 69 69 70[\/vc_column_text][\/vc_column][vc_column width=&#8221;1\/3&#8243;][vc_empty_space][vc_gallery type=&#8221;image_grid&#8221; images=&#8221;16359,16358,16360,16352,16363,16362,16361,16357,16356,16355,16354,16353&#8243;][vc_column_text]Estonian national television nature and wildlife show Osoon watching beavers on river Emaj\u00f5gi with us.[\/vc_column_text][vc_single_image image=&#8221;16385&#8243; onclick=&#8221;custom_link&#8221; link=&#8221;https:\/\/etv.err.ee\/944455\/kopraelu-tartu-linnas&#8221;][\/vc_column][\/vc_row]<\/p>\n<\/div>","protected":false},"excerpt":{"rendered":"<p>[vc_row][vc_column width=&#8221;2\/3&#8243;][vc_column_text]An evening canoe trip to see the beavers bustling on the shores and in the calm waters of river Emaj\u00f5gi right on the outskirts of Tartu. The trip takes place in a small group, led by an experienced instructor. Best time to observe beavers is in May and June. Joining in does not require any special canoeing skills or great strength. It is suitable even for first-timers. The group will go through instructions about canoeing and beaver-watching before going on the water. Our canoes are steady and river Emaj\u00f5gi flows rather calm and slow. So there\u2019s no need to worry about tipping over. The adventure lasts about 2-3 hours and is about 6 kilometres long.[\/vc_column_text][vc_column_text]PRICE LIST The prices for a private Beaver safari for your group are as follows: \u2022 1-2 persons = 100\u20ac total \u2022 3+ persons = 35 \u20ac per person Joining our public Beaver safari canoe trip is 35 \u20ac per person. NB! Beavers are afraid of the crowds so we do this kind of trips only in a small group (maximum is 9 people). PRICE INCLUDES:\u00a0 Seat in a canoe Necessary equipment (a paddle and a life-jacket) Briefing before the trip Instructors services during the [&hellip;]<\/p>\n","protected":false},"author":1,"featured_media":0,"parent":0,"menu_order":0,"comment_status":"closed","ping_status":"closed","template":"","meta":{"_monsterinsights_skip_tracking":false,"_monsterinsights_sitenote_active":false,"_monsterinsights_sitenote_note":"","_monsterinsights_sitenote_category":0,"footnotes":""},"class_list":["post-16349","page","type-page","status-publish","hentry"],"aioseo_notices":[],"yoast_head":"<!-- This site is optimized with the Yoast SEO plugin v24.2 - https:\/\/yoast.com\/wordpress\/plugins\/seo\/ -->\n<title>Beaver safari on canoes | J\u00f5ematkad<\/title>\n<meta name=\"description\" content=\"(Eesti) \u00d5htune kopravaatlusmatk kanuudel Emaj\u00f5el.\" \/>\n<meta name=\"robots\" content=\"index, follow, max-snippet:-1, max-image-preview:large, max-video-preview:-1\" \/>\n<link rel=\"canonical\" href=\"https:\/\/www.joematkad.ee\/en\/kopravaatlus\/\" \/>\n<meta property=\"og:locale\" content=\"en_US\" \/>\n<meta property=\"og:type\" content=\"article\" \/>\n<meta property=\"og:title\" content=\"Beaver safari on canoes | J\u00f5ematkad\" \/>\n<meta property=\"og:description\" content=\"(Eesti) \u00d5htune kopravaatlusmatk kanuudel Emaj\u00f5el.\" \/>\n<meta property=\"og:url\" content=\"https:\/\/www.joematkad.ee\/en\/kopravaatlus\/\" \/>\n<meta property=\"og:site_name\" content=\"J\u00f5ematkad\" \/>\n<meta property=\"article:publisher\" content=\"https:\/\/www.facebook.com\/Joematkad.ee\/\" \/>\n<meta property=\"article:modified_time\" content=\"2023-01-23T13:20:59+00:00\" \/>\n<meta name=\"twitter:card\" content=\"summary_large_image\" \/>\n<meta name=\"twitter:label1\" content=\"Est. reading time\" \/>\n\t<meta name=\"twitter:data1\" content=\"2 minutes\" \/>\n<script type=\"application\/ld+json\" class=\"yoast-schema-graph\">{\"@context\":\"https:\/\/schema.org\",\"@graph\":[{\"@type\":\"WebPage\",\"@id\":\"https:\/\/www.joematkad.ee\/en\/kopravaatlus\/\",\"url\":\"https:\/\/www.joematkad.ee\/en\/kopravaatlus\/\",\"name\":\"Beaver safari on canoes | J\u00f5ematkad\",\"isPartOf\":{\"@id\":\"https:\/\/www.joematkad.ee\/#website\"},\"datePublished\":\"2020-05-04T10:09:10+00:00\",\"dateModified\":\"2023-01-23T13:20:59+00:00\",\"description\":\"(Eesti) \u00d5htune kopravaatlusmatk kanuudel Emaj\u00f5el.\",\"breadcrumb\":{\"@id\":\"https:\/\/www.joematkad.ee\/en\/kopravaatlus\/#breadcrumb\"},\"inLanguage\":\"en-US\",\"potentialAction\":[{\"@type\":\"ReadAction\",\"target\":[\"https:\/\/www.joematkad.ee\/en\/kopravaatlus\/\"]}]},{\"@type\":\"BreadcrumbList\",\"@id\":\"https:\/\/www.joematkad.ee\/en\/kopravaatlus\/#breadcrumb\",\"itemListElement\":[{\"@type\":\"ListItem\",\"position\":1,\"name\":\"Home\",\"item\":\"https:\/\/www.joematkad.ee\/\"},{\"@type\":\"ListItem\",\"position\":2,\"name\":\"Beaver safari on canoes\"}]},{\"@type\":\"WebSite\",\"@id\":\"https:\/\/www.joematkad.ee\/#website\",\"url\":\"https:\/\/www.joematkad.ee\/\",\"name\":\"J\u00f5ematkad\",\"description\":\"Kanuuretked\",\"potentialAction\":[{\"@type\":\"SearchAction\",\"target\":{\"@type\":\"EntryPoint\",\"urlTemplate\":\"https:\/\/www.joematkad.ee\/?s={search_term_string}\"},\"query-input\":{\"@type\":\"PropertyValueSpecification\",\"valueRequired\":true,\"valueName\":\"search_term_string\"}}],\"inLanguage\":\"en-US\"}]}<\/script>\n<!-- \/ Yoast SEO plugin. -->","yoast_head_json":{"title":"Beaver safari on canoes | J\u00f5ematkad","description":"(Eesti) \u00d5htune kopravaatlusmatk kanuudel Emaj\u00f5el.","robots":{"index":"index","follow":"follow","max-snippet":"max-snippet:-1","max-image-preview":"max-image-preview:large","max-video-preview":"max-video-preview:-1"},"canonical":"https:\/\/www.joematkad.ee\/en\/kopravaatlus\/","og_locale":"en_US","og_type":"article","og_title":"Beaver safari on canoes | J\u00f5ematkad","og_description":"(Eesti) \u00d5htune kopravaatlusmatk kanuudel Emaj\u00f5el.","og_url":"https:\/\/www.joematkad.ee\/en\/kopravaatlus\/","og_site_name":"J\u00f5ematkad","article_publisher":"https:\/\/www.facebook.com\/Joematkad.ee\/","article_modified_time":"2023-01-23T13:20:59+00:00","twitter_card":"summary_large_image","twitter_misc":{"Est. reading time":"2 minutes"},"schema":{"@context":"https:\/\/schema.org","@graph":[{"@type":"WebPage","@id":"https:\/\/www.joematkad.ee\/en\/kopravaatlus\/","url":"https:\/\/www.joematkad.ee\/en\/kopravaatlus\/","name":"Beaver safari on canoes | J\u00f5ematkad","isPartOf":{"@id":"https:\/\/www.joematkad.ee\/#website"},"datePublished":"2020-05-04T10:09:10+00:00","dateModified":"2023-01-23T13:20:59+00:00","description":"(Eesti) \u00d5htune kopravaatlusmatk kanuudel Emaj\u00f5el.","breadcrumb":{"@id":"https:\/\/www.joematkad.ee\/en\/kopravaatlus\/#breadcrumb"},"inLanguage":"en-US","potentialAction":[{"@type":"ReadAction","target":["https:\/\/www.joematkad.ee\/en\/kopravaatlus\/"]}]},{"@type":"BreadcrumbList","@id":"https:\/\/www.joematkad.ee\/en\/kopravaatlus\/#breadcrumb","itemListElement":[{"@type":"ListItem","position":1,"name":"Home","item":"https:\/\/www.joematkad.ee\/"},{"@type":"ListItem","position":2,"name":"Beaver safari on canoes"}]},{"@type":"WebSite","@id":"https:\/\/www.joematkad.ee\/#website","url":"https:\/\/www.joematkad.ee\/","name":"J\u00f5ematkad","description":"Kanuuretked","potentialAction":[{"@type":"SearchAction","target":{"@type":"EntryPoint","urlTemplate":"https:\/\/www.joematkad.ee\/?s={search_term_string}"},"query-input":{"@type":"PropertyValueSpecification","valueRequired":true,"valueName":"search_term_string"}}],"inLanguage":"en-US"}]}},"_links":{"self":[{"href":"https:\/\/joematkad.ee\/en\/wp-json\/wp\/v2\/pages\/16349","targetHints":{"allow":["GET"]}}],"collection":[{"href":"https:\/\/joematkad.ee\/en\/wp-json\/wp\/v2\/pages"}],"about":[{"href":"https:\/\/joematkad.ee\/en\/wp-json\/wp\/v2\/types\/page"}],"author":[{"embeddable":true,"href":"https:\/\/joematkad.ee\/en\/wp-json\/wp\/v2\/users\/1"}],"replies":[{"embeddable":true,"href":"https:\/\/joematkad.ee\/en\/wp-json\/wp\/v2\/comments?post=16349"}],"version-history":[{"count":5,"href":"https:\/\/joematkad.ee\/en\/wp-json\/wp\/v2\/pages\/16349\/revisions"}],"predecessor-version":[{"id":16665,"href":"https:\/\/joematkad.ee\/en\/wp-json\/wp\/v2\/pages\/16349\/revisions\/16665"}],"wp:attachment":[{"href":"https:\/\/joematkad.ee\/en\/wp-json\/wp\/v2\/media?parent=16349"}],"curies":[{"name":"wp","href":"https:\/\/api.w.org\/{rel}","templated":true}]}}