{"id":15977,"date":"2018-04-24T13:11:55","date_gmt":"2018-04-24T10:11:55","guid":{"rendered":"https:\/\/joematkad.ee\/?page_id=15977"},"modified":"2023-01-23T14:41:29","modified_gmt":"2023-01-23T12:41:29","slug":"ilmatsalu","status":"publish","type":"page","link":"https:\/\/joematkad.ee\/en\/ilmatsalu\/","title":{"rendered":"Two-day canoe trip R\u00f5hu-Ilmatsalu-Tartu"},"content":{"rendered":"<div class=\"wpb-content-wrapper\"><p>[vc_row][vc_column width=&#8221;2\/3&#8243;][vc_column_text]<strong>Nice two-day canoe trip without a guide and with possibilities to camp on the public\u00a0camping site\u00a0and take strolls in the woods suits well for the beginners, but is rather enjoyable for the more experienced canoe enthusiasts as well.<\/strong><\/p>\n<p>The trip does not require any special canoeing skills or great strength. It is feasible even for first-timers. Campers will have enough time for stopovers and for enjoying nature in all its glory.<\/p>\n<p><strong>THE ROUTE<\/strong><br \/>\nThe trip starts at the R\u00f5hu bridge on the Viljandi highway (distance from the center of Tartu approx. 18 km), where we help you on the river Elva. Whole route is downriver, passing village called Ulila, after which most of the trip runs in the midst of meadows, woods and marshes, far from any human habitat.<br \/>\nAfter river Elva the route takes you to the river Emaj\u00f5gi. You will spend the night on RMK camping site by the Ilmatsalu hiking trail (there are several well maintained camping sites to choose from). There you can stroll on he forest paths or check out Ilmatsalu fishponds &#8211; an area of a high density of waterfowl.<\/p>\n<p>On the second day you will head back on the Emaj\u00f5gi and run downriver mostly through sparsely populated areas. You can take strolls in woods, check out small river-islands etc. The trip ends in Tartu, by the Rowing Club at the ond of Lubja street. There you can keep your car also if you choose to.<\/p>\n<p><a href=\"https:\/\/kaart.delfi.ee\/?bookmark=6c47001aa2e67cbb56585e4fdef60519\">MAP OF THE ROUTE<\/a><\/p>\n<p>P. S. You can reach the starting point of the trip by public transport (V\u00e4ike-Ulila bus-stop is 1,3 kilometres from the R\u00f5hu bridge). Check the timetable <a href=\"https:\/\/www.tpilet.ee\/\">HERE<\/a>.[\/vc_column_text][vc_column_text]<strong>PRICE LIST<\/strong><br \/>\n<strong>\u2022 1-2 persons = 80 \u20ac<\/strong><br \/>\n<strong>\u2022 3+ persons = 35 \u20ac\/ person<\/strong><\/p>\n<p>Price includes:<\/p>\n<p>&#8211; A seat in the canoe<br \/>\n&#8211; Necessary equipment (a paddle and a life-jacket)<br \/>\n&#8211; The briefing before trip<br \/>\n&#8211; Transportation of canoes to the starting point.<\/p>\n<p>We can provide free transportation to the starting point for up to 4 people if necessary.<\/p>\n<p><strong>Additionally<\/strong><br \/>\nFor additional fee of <strong>20\u20ac<\/strong> we can take drivers back to their vehicles left at the starting point.<br \/>\nFor additional fee you can have our guide to accompany your group. It costs you <strong>50\u20ac <\/strong>for one day and <strong>80\u20ac<\/strong> for two days.[\/vc_column_text][vc_column_text]<strong>EQUIPMENT<\/strong><\/p>\n<p>Bring your own:<br \/>\n&#8211; sleeping bag<br \/>\n&#8211; tent<br \/>\n&#8211; sleeping mat<br \/>\n&#8211; two days food<br \/>\n&#8211; enough drinking water<br \/>\n&#8211; suitable clothing<br \/>\n&#8211; charged phone<br \/>\n&#8211; positive attitude<\/p>\n<p><strong>BEFORE COMING TO OUR TRIP YOU SHOULD KNOW:<\/strong><\/p>\n<p>&#8211; Dress according to weather. Don\u2019t forget that besides clothes you have to wear also a life-jacket we provide you.<br \/>\n&#8211; Don\u2019t forget to bring something to drink (alcohol is not a good choice) and also to eat, because a long day in fresh air increases appetite.<br \/>\n&#8211; Pack your cellphone and\/ or other electronic devices in waterproof bag.<\/p>\n<p><strong>ADDITIONAL INFORMATION AND REGISTERING<\/strong><\/p>\n<p>Via e-mail: <strong>info@joematkad.ee<\/strong><\/p>\n<p>Or by phone: (+372) 55 69 69 70[\/vc_column_text][\/vc_column][vc_column width=&#8221;1\/3&#8243;][vc_gallery type=&#8221;image_grid&#8221; images=&#8221;15978,15994,15995,15996,15997,15998,15999,16000&#8243;][\/vc_column][\/vc_row]<\/p>\n<\/div>","protected":false},"excerpt":{"rendered":"<p>[vc_row][vc_column width=&#8221;2\/3&#8243;][vc_column_text]Nice two-day canoe trip without a guide and with possibilities to camp on the public\u00a0camping site\u00a0and take strolls in the woods suits well for the beginners, but is rather enjoyable for the more experienced canoe enthusiasts as well. The trip does not require any special canoeing skills or great strength. It is feasible even for first-timers. Campers will have enough time for stopovers and for enjoying nature in all its glory. THE ROUTE The trip starts at the R\u00f5hu bridge on the Viljandi highway (distance from the center of Tartu approx. 18 km), where we help you on the river Elva. Whole route is downriver, passing village called Ulila, after which most of the trip runs in the midst of meadows, woods and marshes, far from any human habitat. After river Elva the route takes you to the river Emaj\u00f5gi. You will spend the night on RMK camping site by the Ilmatsalu hiking trail (there are several well maintained camping sites to choose from). There you can stroll on he forest paths or check out Ilmatsalu fishponds &#8211; an area of a high density of waterfowl. On the second day you will head back on the Emaj\u00f5gi and run [&hellip;]<\/p>\n","protected":false},"author":1,"featured_media":0,"parent":0,"menu_order":0,"comment_status":"closed","ping_status":"closed","template":"","meta":{"_monsterinsights_skip_tracking":false,"_monsterinsights_sitenote_active":false,"_monsterinsights_sitenote_note":"","_monsterinsights_sitenote_category":0,"footnotes":""},"class_list":["post-15977","page","type-page","status-publish","hentry"],"aioseo_notices":[],"yoast_head":"<!-- This site is optimized with the Yoast SEO plugin v24.2 - https:\/\/yoast.com\/wordpress\/plugins\/seo\/ -->\n<title>Two-day canoe trip R\u00f5hu-Ilmatsalu-Tartu | J\u00f5ematkad<\/title>\n<meta name=\"description\" content=\"(Eesti) Kahep\u00e4evane ilma matkajuhita kanuuretk telkimisega RMK laagriplatsil ja jalutusk\u00e4ikudega metsaradadel.\" \/>\n<meta name=\"robots\" content=\"index, follow, max-snippet:-1, max-image-preview:large, max-video-preview:-1\" \/>\n<link rel=\"canonical\" href=\"https:\/\/www.joematkad.ee\/en\/ilmatsalu\/\" \/>\n<meta property=\"og:locale\" content=\"en_US\" \/>\n<meta property=\"og:type\" content=\"article\" \/>\n<meta property=\"og:title\" content=\"Two-day canoe trip R\u00f5hu-Ilmatsalu-Tartu | J\u00f5ematkad\" \/>\n<meta property=\"og:description\" content=\"(Eesti) Kahep\u00e4evane ilma matkajuhita kanuuretk telkimisega RMK laagriplatsil ja jalutusk\u00e4ikudega metsaradadel.\" \/>\n<meta property=\"og:url\" content=\"https:\/\/www.joematkad.ee\/en\/ilmatsalu\/\" \/>\n<meta property=\"og:site_name\" content=\"J\u00f5ematkad\" \/>\n<meta property=\"article:publisher\" content=\"https:\/\/www.facebook.com\/Joematkad.ee\/\" \/>\n<meta property=\"article:modified_time\" content=\"2023-01-23T12:41:29+00:00\" \/>\n<meta name=\"twitter:card\" content=\"summary_large_image\" \/>\n<meta name=\"twitter:label1\" content=\"Est. reading time\" \/>\n\t<meta name=\"twitter:data1\" content=\"3 minutes\" \/>\n<script type=\"application\/ld+json\" class=\"yoast-schema-graph\">{\"@context\":\"https:\/\/schema.org\",\"@graph\":[{\"@type\":\"WebPage\",\"@id\":\"https:\/\/www.joematkad.ee\/en\/ilmatsalu\/\",\"url\":\"https:\/\/www.joematkad.ee\/en\/ilmatsalu\/\",\"name\":\"Two-day canoe trip R\u00f5hu-Ilmatsalu-Tartu | J\u00f5ematkad\",\"isPartOf\":{\"@id\":\"https:\/\/www.joematkad.ee\/#website\"},\"datePublished\":\"2018-04-24T10:11:55+00:00\",\"dateModified\":\"2023-01-23T12:41:29+00:00\",\"description\":\"(Eesti) Kahep\u00e4evane ilma matkajuhita kanuuretk telkimisega RMK laagriplatsil ja jalutusk\u00e4ikudega metsaradadel.\",\"breadcrumb\":{\"@id\":\"https:\/\/www.joematkad.ee\/en\/ilmatsalu\/#breadcrumb\"},\"inLanguage\":\"en-US\",\"potentialAction\":[{\"@type\":\"ReadAction\",\"target\":[\"https:\/\/www.joematkad.ee\/en\/ilmatsalu\/\"]}]},{\"@type\":\"BreadcrumbList\",\"@id\":\"https:\/\/www.joematkad.ee\/en\/ilmatsalu\/#breadcrumb\",\"itemListElement\":[{\"@type\":\"ListItem\",\"position\":1,\"name\":\"Home\",\"item\":\"https:\/\/www.joematkad.ee\/\"},{\"@type\":\"ListItem\",\"position\":2,\"name\":\"Two-day canoe trip R\u00f5hu-Ilmatsalu-Tartu\"}]},{\"@type\":\"WebSite\",\"@id\":\"https:\/\/www.joematkad.ee\/#website\",\"url\":\"https:\/\/www.joematkad.ee\/\",\"name\":\"J\u00f5ematkad\",\"description\":\"Kanuuretked\",\"potentialAction\":[{\"@type\":\"SearchAction\",\"target\":{\"@type\":\"EntryPoint\",\"urlTemplate\":\"https:\/\/www.joematkad.ee\/?s={search_term_string}\"},\"query-input\":{\"@type\":\"PropertyValueSpecification\",\"valueRequired\":true,\"valueName\":\"search_term_string\"}}],\"inLanguage\":\"en-US\"}]}<\/script>\n<!-- \/ Yoast SEO plugin. -->","yoast_head_json":{"title":"Two-day canoe trip R\u00f5hu-Ilmatsalu-Tartu | J\u00f5ematkad","description":"(Eesti) Kahep\u00e4evane ilma matkajuhita kanuuretk telkimisega RMK laagriplatsil ja jalutusk\u00e4ikudega metsaradadel.","robots":{"index":"index","follow":"follow","max-snippet":"max-snippet:-1","max-image-preview":"max-image-preview:large","max-video-preview":"max-video-preview:-1"},"canonical":"https:\/\/www.joematkad.ee\/en\/ilmatsalu\/","og_locale":"en_US","og_type":"article","og_title":"Two-day canoe trip R\u00f5hu-Ilmatsalu-Tartu | J\u00f5ematkad","og_description":"(Eesti) Kahep\u00e4evane ilma matkajuhita kanuuretk telkimisega RMK laagriplatsil ja jalutusk\u00e4ikudega metsaradadel.","og_url":"https:\/\/www.joematkad.ee\/en\/ilmatsalu\/","og_site_name":"J\u00f5ematkad","article_publisher":"https:\/\/www.facebook.com\/Joematkad.ee\/","article_modified_time":"2023-01-23T12:41:29+00:00","twitter_card":"summary_large_image","twitter_misc":{"Est. reading time":"3 minutes"},"schema":{"@context":"https:\/\/schema.org","@graph":[{"@type":"WebPage","@id":"https:\/\/www.joematkad.ee\/en\/ilmatsalu\/","url":"https:\/\/www.joematkad.ee\/en\/ilmatsalu\/","name":"Two-day canoe trip R\u00f5hu-Ilmatsalu-Tartu | J\u00f5ematkad","isPartOf":{"@id":"https:\/\/www.joematkad.ee\/#website"},"datePublished":"2018-04-24T10:11:55+00:00","dateModified":"2023-01-23T12:41:29+00:00","description":"(Eesti) Kahep\u00e4evane ilma matkajuhita kanuuretk telkimisega RMK laagriplatsil ja jalutusk\u00e4ikudega metsaradadel.","breadcrumb":{"@id":"https:\/\/www.joematkad.ee\/en\/ilmatsalu\/#breadcrumb"},"inLanguage":"en-US","potentialAction":[{"@type":"ReadAction","target":["https:\/\/www.joematkad.ee\/en\/ilmatsalu\/"]}]},{"@type":"BreadcrumbList","@id":"https:\/\/www.joematkad.ee\/en\/ilmatsalu\/#breadcrumb","itemListElement":[{"@type":"ListItem","position":1,"name":"Home","item":"https:\/\/www.joematkad.ee\/"},{"@type":"ListItem","position":2,"name":"Two-day canoe trip R\u00f5hu-Ilmatsalu-Tartu"}]},{"@type":"WebSite","@id":"https:\/\/www.joematkad.ee\/#website","url":"https:\/\/www.joematkad.ee\/","name":"J\u00f5ematkad","description":"Kanuuretked","potentialAction":[{"@type":"SearchAction","target":{"@type":"EntryPoint","urlTemplate":"https:\/\/www.joematkad.ee\/?s={search_term_string}"},"query-input":{"@type":"PropertyValueSpecification","valueRequired":true,"valueName":"search_term_string"}}],"inLanguage":"en-US"}]}},"_links":{"self":[{"href":"https:\/\/joematkad.ee\/en\/wp-json\/wp\/v2\/pages\/15977","targetHints":{"allow":["GET"]}}],"collection":[{"href":"https:\/\/joematkad.ee\/en\/wp-json\/wp\/v2\/pages"}],"about":[{"href":"https:\/\/joematkad.ee\/en\/wp-json\/wp\/v2\/types\/page"}],"author":[{"embeddable":true,"href":"https:\/\/joematkad.ee\/en\/wp-json\/wp\/v2\/users\/1"}],"replies":[{"embeddable":true,"href":"https:\/\/joematkad.ee\/en\/wp-json\/wp\/v2\/comments?post=15977"}],"version-history":[{"count":5,"href":"https:\/\/joematkad.ee\/en\/wp-json\/wp\/v2\/pages\/15977\/revisions"}],"predecessor-version":[{"id":16662,"href":"https:\/\/joematkad.ee\/en\/wp-json\/wp\/v2\/pages\/15977\/revisions\/16662"}],"wp:attachment":[{"href":"https:\/\/joematkad.ee\/en\/wp-json\/wp\/v2\/media?parent=15977"}],"curies":[{"name":"wp","href":"https:\/\/api.w.org\/{rel}","templated":true}]}}