{"id":15959,"date":"2018-04-20T13:00:58","date_gmt":"2018-04-20T10:00:58","guid":{"rendered":"https:\/\/joematkad.ee\/?page_id=15959"},"modified":"2024-04-25T10:43:24","modified_gmt":"2024-04-25T07:43:24","slug":"karevere","status":"publish","type":"page","link":"https:\/\/joematkad.ee\/en\/karevere\/","title":{"rendered":"Canoe trip K\u00e4revere-Tartu (without guide)"},"content":{"rendered":"<div class=\"wpb-content-wrapper\"><p>[vc_row][vc_column width=&#8221;2\/3&#8243;][vc_column_text]<strong>This route grants you an all-day touring experience. Choose your own pace and stopovers \u2013 there are plenty of beautiful places along the river. <\/strong><\/p>\n<p>We help you on the river by the K\u00e4revere bridge on the Tallinn-Tartu highway, hold a basic briefing for the beginners and send you downriver to Tartu.<\/p>\n<p>The route runs mostly away from human habitats and through the naturally beautiful landscapes. You can check out small river-islands, stroll in the woods and have a picnic on the riverbank.<br \/>\nTrip lasts (depending on pace) about 4 hours (distance is approx. 20 km). Whole route runs downriver and is suitable even for first-timers. The waters are calm and there is no rapids or other obstacles.[\/vc_column_text][vc_column_text]<strong>PRICE LIST<\/strong><br \/>\n<strong>\u2022 1-2 persons = 70 \u20ac<\/strong><br \/>\n<strong>\u2022 3-4 persons = 120 \u20ac<\/strong><br \/>\n<strong>\u2022 5+ persons = 30 \u20ac\/ person<\/strong><\/p>\n<p>Price includes:<br \/>\n&#8211; A seat in the canoe<br \/>\n&#8211; Necessary equipment (a paddle and a life-jacket)<br \/>\n&#8211; Briefing before the trip<br \/>\n&#8211; Transportation of canoes to the starting point.<\/p>\n<ul>\n<li>Free transportation to starting point for max 4 people.<\/li>\n<\/ul>\n<p><strong>Additionally<\/strong><\/p>\n<p>For additional fee of <strong>20\u00a0\u20ac<\/strong> we can take drivers back to their vehicles left at the starting point.<br \/>\nFor additional fee of 6<strong>0 \u20ac<\/strong> you can have our instructor to accompany your group.[\/vc_column_text][vc_column_text]<strong>BEFORE COMING TO OUR TRIP YOU SHOULD KNOW:<\/strong><\/p>\n<p>&#8211; Dress according to weather. Don\u2019t forget that besides clothes you have to wear also a life-jacket we provide you.<br \/>\n&#8211; Don\u2019t forget to bring something to drink (alcohol is not a good choice) and also to eat, because a long day in fresh air increases appetite.<br \/>\n&#8211; Pack your cellphone and\/ or other electronic devices in waterproof bag.<\/p>\n<p><strong>ADDITIONAL INFORMATION AND REGISTERING<\/strong><\/p>\n<p>Via e-mail: <strong>info@joematkad.ee<\/strong><\/p>\n<p>Or by phone: (+372) 55 69 69 70[\/vc_column_text][\/vc_column][vc_column width=&#8221;1\/3&#8243;][vc_gallery type=&#8221;image_grid&#8221; images=&#8221;15963,15964,15965,15966,15967,15968,15969,15970&#8243;][vc_empty_space][\/vc_column][\/vc_row]<\/p>\n<\/div>","protected":false},"excerpt":{"rendered":"<p>[vc_row][vc_column width=&#8221;2\/3&#8243;][vc_column_text]This route grants you an all-day touring experience. Choose your own pace and stopovers \u2013 there are plenty of beautiful places along the river. We help you on the river by the K\u00e4revere bridge on the Tallinn-Tartu highway, hold a basic briefing for the beginners and send you downriver to Tartu. The route runs mostly away from human habitats and through the naturally beautiful landscapes. You can check out small river-islands, stroll in the woods and have a picnic on the riverbank. Trip lasts (depending on pace) about 4 hours (distance is approx. 20 km). Whole route runs downriver and is suitable even for first-timers. The waters are calm and there is no rapids or other obstacles.[\/vc_column_text][vc_column_text]PRICE LIST \u2022 1-2 persons = 70 \u20ac \u2022 3-4 persons = 120 \u20ac \u2022 5+ persons = 30 \u20ac\/ person Price includes: &#8211; A seat in the canoe &#8211; Necessary equipment (a paddle and a life-jacket) &#8211; Briefing before the trip &#8211; Transportation of canoes to the starting point. Free transportation to starting point for max 4 people. Additionally For additional fee of 20\u00a0\u20ac we can take drivers back to their vehicles left at the starting point. For additional fee of 60 [&hellip;]<\/p>\n","protected":false},"author":1,"featured_media":0,"parent":0,"menu_order":0,"comment_status":"closed","ping_status":"closed","template":"","meta":{"_monsterinsights_skip_tracking":false,"_monsterinsights_sitenote_active":false,"_monsterinsights_sitenote_note":"","_monsterinsights_sitenote_category":0,"footnotes":""},"class_list":["post-15959","page","type-page","status-publish","hentry"],"aioseo_notices":[],"yoast_head":"<!-- This site is optimized with the Yoast SEO plugin v24.2 - https:\/\/yoast.com\/wordpress\/plugins\/seo\/ -->\n<title>Canoe trip K\u00e4revere-Tartu (without guide) | J\u00f5ematkad<\/title>\n<meta name=\"description\" content=\"Kanuumatk K\u00e4reverest Tartusse\" \/>\n<meta name=\"robots\" content=\"index, follow, max-snippet:-1, max-image-preview:large, max-video-preview:-1\" \/>\n<link rel=\"canonical\" href=\"https:\/\/joematkad.ee\/karevere\/\" \/>\n<meta property=\"og:locale\" content=\"en_US\" \/>\n<meta property=\"og:type\" content=\"article\" \/>\n<meta property=\"og:title\" content=\"Canoe trip K\u00e4revere-Tartu (without guide) | J\u00f5ematkad\" \/>\n<meta property=\"og:description\" content=\"Kanuumatk K\u00e4reverest Tartusse\" \/>\n<meta property=\"og:url\" content=\"https:\/\/joematkad.ee\/karevere\/\" \/>\n<meta property=\"og:site_name\" content=\"J\u00f5ematkad\" \/>\n<meta property=\"article:publisher\" content=\"https:\/\/www.facebook.com\/Joematkad.ee\/\" \/>\n<meta property=\"article:modified_time\" content=\"2024-04-25T07:43:24+00:00\" \/>\n<meta name=\"twitter:card\" content=\"summary_large_image\" \/>\n<meta name=\"twitter:label1\" content=\"Est. reading time\" \/>\n\t<meta name=\"twitter:data1\" content=\"2 minutes\" \/>\n<script type=\"application\/ld+json\" class=\"yoast-schema-graph\">{\"@context\":\"https:\/\/schema.org\",\"@graph\":[{\"@type\":\"WebPage\",\"@id\":\"https:\/\/joematkad.ee\/karevere\/\",\"url\":\"https:\/\/joematkad.ee\/karevere\/\",\"name\":\"Canoe trip K\u00e4revere-Tartu (without guide) | J\u00f5ematkad\",\"isPartOf\":{\"@id\":\"https:\/\/www.joematkad.ee\/#website\"},\"datePublished\":\"2018-04-20T10:00:58+00:00\",\"dateModified\":\"2024-04-25T07:43:24+00:00\",\"description\":\"Kanuumatk K\u00e4reverest Tartusse\",\"breadcrumb\":{\"@id\":\"https:\/\/joematkad.ee\/karevere\/#breadcrumb\"},\"inLanguage\":\"en-US\",\"potentialAction\":[{\"@type\":\"ReadAction\",\"target\":[\"https:\/\/joematkad.ee\/karevere\/\"]}]},{\"@type\":\"BreadcrumbList\",\"@id\":\"https:\/\/joematkad.ee\/karevere\/#breadcrumb\",\"itemListElement\":[{\"@type\":\"ListItem\",\"position\":1,\"name\":\"Home\",\"item\":\"https:\/\/www.joematkad.ee\/\"},{\"@type\":\"ListItem\",\"position\":2,\"name\":\"K\u00e4revere-Tartu kanuumatk (ilma matkajuhita)\"}]},{\"@type\":\"WebSite\",\"@id\":\"https:\/\/www.joematkad.ee\/#website\",\"url\":\"https:\/\/www.joematkad.ee\/\",\"name\":\"J\u00f5ematkad\",\"description\":\"Kanuuretked\",\"potentialAction\":[{\"@type\":\"SearchAction\",\"target\":{\"@type\":\"EntryPoint\",\"urlTemplate\":\"https:\/\/www.joematkad.ee\/?s={search_term_string}\"},\"query-input\":{\"@type\":\"PropertyValueSpecification\",\"valueRequired\":true,\"valueName\":\"search_term_string\"}}],\"inLanguage\":\"en-US\"}]}<\/script>\n<!-- \/ Yoast SEO plugin. -->","yoast_head_json":{"title":"Canoe trip K\u00e4revere-Tartu (without guide) | J\u00f5ematkad","description":"Kanuumatk K\u00e4reverest Tartusse","robots":{"index":"index","follow":"follow","max-snippet":"max-snippet:-1","max-image-preview":"max-image-preview:large","max-video-preview":"max-video-preview:-1"},"canonical":"https:\/\/joematkad.ee\/karevere\/","og_locale":"en_US","og_type":"article","og_title":"Canoe trip K\u00e4revere-Tartu (without guide) | J\u00f5ematkad","og_description":"Kanuumatk K\u00e4reverest Tartusse","og_url":"https:\/\/joematkad.ee\/karevere\/","og_site_name":"J\u00f5ematkad","article_publisher":"https:\/\/www.facebook.com\/Joematkad.ee\/","article_modified_time":"2024-04-25T07:43:24+00:00","twitter_card":"summary_large_image","twitter_misc":{"Est. reading time":"2 minutes"},"schema":{"@context":"https:\/\/schema.org","@graph":[{"@type":"WebPage","@id":"https:\/\/joematkad.ee\/karevere\/","url":"https:\/\/joematkad.ee\/karevere\/","name":"Canoe trip K\u00e4revere-Tartu (without guide) | J\u00f5ematkad","isPartOf":{"@id":"https:\/\/www.joematkad.ee\/#website"},"datePublished":"2018-04-20T10:00:58+00:00","dateModified":"2024-04-25T07:43:24+00:00","description":"Kanuumatk K\u00e4reverest Tartusse","breadcrumb":{"@id":"https:\/\/joematkad.ee\/karevere\/#breadcrumb"},"inLanguage":"en-US","potentialAction":[{"@type":"ReadAction","target":["https:\/\/joematkad.ee\/karevere\/"]}]},{"@type":"BreadcrumbList","@id":"https:\/\/joematkad.ee\/karevere\/#breadcrumb","itemListElement":[{"@type":"ListItem","position":1,"name":"Home","item":"https:\/\/www.joematkad.ee\/"},{"@type":"ListItem","position":2,"name":"K\u00e4revere-Tartu kanuumatk (ilma matkajuhita)"}]},{"@type":"WebSite","@id":"https:\/\/www.joematkad.ee\/#website","url":"https:\/\/www.joematkad.ee\/","name":"J\u00f5ematkad","description":"Kanuuretked","potentialAction":[{"@type":"SearchAction","target":{"@type":"EntryPoint","urlTemplate":"https:\/\/www.joematkad.ee\/?s={search_term_string}"},"query-input":{"@type":"PropertyValueSpecification","valueRequired":true,"valueName":"search_term_string"}}],"inLanguage":"en-US"}]}},"_links":{"self":[{"href":"https:\/\/joematkad.ee\/en\/wp-json\/wp\/v2\/pages\/15959","targetHints":{"allow":["GET"]}}],"collection":[{"href":"https:\/\/joematkad.ee\/en\/wp-json\/wp\/v2\/pages"}],"about":[{"href":"https:\/\/joematkad.ee\/en\/wp-json\/wp\/v2\/types\/page"}],"author":[{"embeddable":true,"href":"https:\/\/joematkad.ee\/en\/wp-json\/wp\/v2\/users\/1"}],"replies":[{"embeddable":true,"href":"https:\/\/joematkad.ee\/en\/wp-json\/wp\/v2\/comments?post=15959"}],"version-history":[{"count":5,"href":"https:\/\/joematkad.ee\/en\/wp-json\/wp\/v2\/pages\/15959\/revisions"}],"predecessor-version":[{"id":16797,"href":"https:\/\/joematkad.ee\/en\/wp-json\/wp\/v2\/pages\/15959\/revisions\/16797"}],"wp:attachment":[{"href":"https:\/\/joematkad.ee\/en\/wp-json\/wp\/v2\/media?parent=15959"}],"curies":[{"name":"wp","href":"https:\/\/api.w.org\/{rel}","templated":true}]}}