{"id":15718,"date":"2018-04-05T20:49:29","date_gmt":"2018-04-05T17:49:29","guid":{"rendered":"https:\/\/joematkad.ee\/?page_id=15718"},"modified":"2024-05-18T15:09:52","modified_gmt":"2024-05-18T12:09:52","slug":"paikeseloojangumatk","status":"publish","type":"page","link":"https:\/\/joematkad.ee\/en\/paikeseloojangumatk\/","title":{"rendered":"Sunset trip"},"content":{"rendered":"<div class=\"wpb-content-wrapper\"><p>[vc_row][vc_column width=&#8221;2\/3&#8243;][vc_column_text]<strong>Leisurely and romantic canoeing on Emaj\u00f5gi.<\/strong><\/p>\n<p>We will paddle under the guidance of an experienced instructor as one group up the river to willage Kvissentali, then turn around, and head back to Tartu, enjoying the beautiful nature of outskirts. The trip is planned to end at the sunset.<\/p>\n<p>You don\u2019t need to have any special skills or previous canoe-experience to take part of our trip. It suits well for a romantic adventure to take your special one.<\/p>\n<p>We have steady touring canoes with wide bottoms, which makes them hard to tip over, and besides the waters of river Emaj\u00f5gi are rather calm and slow. There\u2019s no rapids or any other obstacles on our way.<\/p>\n<p>The whole experience takes about 2 hours.[\/vc_column_text][vc_column_text]<strong>PRICE LIST<\/strong><br \/>\n<strong>The prices for a private canoe trip for your group:<\/strong><br \/>\n<strong>\u2022 1-2 persons = 80 \u20ac<\/strong><br \/>\n<strong>\u2022 3-4 persons = 110 \u20ac<\/strong><br \/>\n<strong>\u2022 5 + persons = 25 \u20ac\/person<\/strong><\/p>\n<p>When joining our <a href=\"https:\/\/joematkad.ee\/en\/avalikud-grupimatkad\/\" target=\"_blank\" rel=\"noopener\"><strong>public <\/strong><strong>scheduled trip<\/strong><\/a> the price is <strong>25 \u20ac<\/strong> per person.<\/p>\n<p>P. S. Child uup to 12 years old who is accompanied with two adults can participate for free (on the middle seat of three-seat canoe).<\/p>\n<p>Price includes:<br \/>\n&#8211; A seat in the canoe<br \/>\n&#8211; Necessary equipment (a paddle and a PFD)<br \/>\n&#8211; The briefing before trip<br \/>\n&#8211; Trip guide\u2019s service if needed[\/vc_column_text][vc_column_text]<strong>BEFORE COMING TO OUR TRIP YOU SHOULD KNOW:<\/strong><\/p>\n<p>&#8211; You have to be sober to participate the trip. <strong>If you are drunk you stay on the shore.<\/strong><br \/>\n&#8211; Dress according to the weather. Don\u2019t forget that besides clothes you have to wear life jacket we provide you.<\/p>\n<p><strong>ADDITIONAL INFORMATION AND REGISTERING<\/strong><\/p>\n<p>Via e-mail: <strong>info@joematkad.ee<\/strong><br \/>\nOr by phone: (+372) 55 69 69 70[\/vc_column_text][\/vc_column][vc_column width=&#8221;1\/3&#8243;][vc_empty_space][vc_gallery type=&#8221;image_grid&#8221; images=&#8221;16426,16805,16807,16809,16810,16811&#8243;][\/vc_column][\/vc_row]<\/p>\n<\/div>","protected":false},"excerpt":{"rendered":"<p>[vc_row][vc_column width=&#8221;2\/3&#8243;][vc_column_text]Leisurely and romantic canoeing on Emaj\u00f5gi. We will paddle under the guidance of an experienced instructor as one group up the river to willage Kvissentali, then turn around, and head back to Tartu, enjoying the beautiful nature of outskirts. The trip is planned to end at the sunset. You don\u2019t need to have any special skills or previous canoe-experience to take part of our trip. It suits well for a romantic adventure to take your special one. We have steady touring canoes with wide bottoms, which makes them hard to tip over, and besides the waters of river Emaj\u00f5gi are rather calm and slow. There\u2019s no rapids or any other obstacles on our way. The whole experience takes about 2 hours.[\/vc_column_text][vc_column_text]PRICE LIST The prices for a private canoe trip for your group: \u2022 1-2 persons = 80 \u20ac \u2022 3-4 persons = 110 \u20ac \u2022 5 + persons = 25 \u20ac\/person When joining our public scheduled trip the price is 25 \u20ac per person. P. S. Child uup to 12 years old who is accompanied with two adults can participate for free (on the middle seat of three-seat canoe). Price includes: &#8211; A seat in the canoe &#8211; Necessary [&hellip;]<\/p>\n","protected":false},"author":1,"featured_media":0,"parent":0,"menu_order":0,"comment_status":"closed","ping_status":"closed","template":"","meta":{"_monsterinsights_skip_tracking":false,"_monsterinsights_sitenote_active":false,"_monsterinsights_sitenote_note":"","_monsterinsights_sitenote_category":0,"footnotes":""},"class_list":["post-15718","page","type-page","status-publish","hentry"],"aioseo_notices":[],"yoast_head":"<!-- This site is optimized with the Yoast SEO plugin v24.2 - https:\/\/yoast.com\/wordpress\/plugins\/seo\/ -->\n<title>Sunset trip | J\u00f5ematkad<\/title>\n<meta name=\"description\" content=\"Rahulik ja romantiline \u00f5htune kanuus\u00f5it Emaj\u00f5el.\" \/>\n<meta name=\"robots\" content=\"index, follow, max-snippet:-1, max-image-preview:large, max-video-preview:-1\" \/>\n<link rel=\"canonical\" href=\"https:\/\/www.joematkad.ee\/paikeseloojangumatk\/\" \/>\n<meta property=\"og:locale\" content=\"en_US\" \/>\n<meta property=\"og:type\" content=\"article\" \/>\n<meta property=\"og:title\" content=\"Sunset trip | J\u00f5ematkad\" \/>\n<meta property=\"og:description\" content=\"Rahulik ja romantiline \u00f5htune kanuus\u00f5it Emaj\u00f5el.\" \/>\n<meta property=\"og:url\" content=\"https:\/\/www.joematkad.ee\/paikeseloojangumatk\/\" \/>\n<meta property=\"og:site_name\" content=\"J\u00f5ematkad\" \/>\n<meta property=\"article:publisher\" content=\"https:\/\/www.facebook.com\/Joematkad.ee\/\" \/>\n<meta property=\"article:modified_time\" content=\"2024-05-18T12:09:52+00:00\" \/>\n<meta name=\"twitter:card\" content=\"summary_large_image\" \/>\n<meta name=\"twitter:label1\" content=\"Est. reading time\" \/>\n\t<meta name=\"twitter:data1\" content=\"3 minutes\" \/>\n<script type=\"application\/ld+json\" class=\"yoast-schema-graph\">{\"@context\":\"https:\/\/schema.org\",\"@graph\":[{\"@type\":\"WebPage\",\"@id\":\"https:\/\/www.joematkad.ee\/paikeseloojangumatk\/\",\"url\":\"https:\/\/www.joematkad.ee\/paikeseloojangumatk\/\",\"name\":\"Sunset trip | J\u00f5ematkad\",\"isPartOf\":{\"@id\":\"https:\/\/www.joematkad.ee\/#website\"},\"datePublished\":\"2018-04-05T17:49:29+00:00\",\"dateModified\":\"2024-05-18T12:09:52+00:00\",\"description\":\"Rahulik ja romantiline \u00f5htune kanuus\u00f5it Emaj\u00f5el.\",\"breadcrumb\":{\"@id\":\"https:\/\/www.joematkad.ee\/paikeseloojangumatk\/#breadcrumb\"},\"inLanguage\":\"en-US\",\"potentialAction\":[{\"@type\":\"ReadAction\",\"target\":[\"https:\/\/www.joematkad.ee\/paikeseloojangumatk\/\"]}]},{\"@type\":\"BreadcrumbList\",\"@id\":\"https:\/\/www.joematkad.ee\/paikeseloojangumatk\/#breadcrumb\",\"itemListElement\":[{\"@type\":\"ListItem\",\"position\":1,\"name\":\"Home\",\"item\":\"https:\/\/www.joematkad.ee\/\"},{\"@type\":\"ListItem\",\"position\":2,\"name\":\"P\u00e4ikeseloojangumatk\"}]},{\"@type\":\"WebSite\",\"@id\":\"https:\/\/www.joematkad.ee\/#website\",\"url\":\"https:\/\/www.joematkad.ee\/\",\"name\":\"J\u00f5ematkad\",\"description\":\"Kanuuretked\",\"potentialAction\":[{\"@type\":\"SearchAction\",\"target\":{\"@type\":\"EntryPoint\",\"urlTemplate\":\"https:\/\/www.joematkad.ee\/?s={search_term_string}\"},\"query-input\":{\"@type\":\"PropertyValueSpecification\",\"valueRequired\":true,\"valueName\":\"search_term_string\"}}],\"inLanguage\":\"en-US\"}]}<\/script>\n<!-- \/ Yoast SEO plugin. -->","yoast_head_json":{"title":"Sunset trip | J\u00f5ematkad","description":"Rahulik ja romantiline \u00f5htune kanuus\u00f5it Emaj\u00f5el.","robots":{"index":"index","follow":"follow","max-snippet":"max-snippet:-1","max-image-preview":"max-image-preview:large","max-video-preview":"max-video-preview:-1"},"canonical":"https:\/\/www.joematkad.ee\/paikeseloojangumatk\/","og_locale":"en_US","og_type":"article","og_title":"Sunset trip | J\u00f5ematkad","og_description":"Rahulik ja romantiline \u00f5htune kanuus\u00f5it Emaj\u00f5el.","og_url":"https:\/\/www.joematkad.ee\/paikeseloojangumatk\/","og_site_name":"J\u00f5ematkad","article_publisher":"https:\/\/www.facebook.com\/Joematkad.ee\/","article_modified_time":"2024-05-18T12:09:52+00:00","twitter_card":"summary_large_image","twitter_misc":{"Est. reading time":"3 minutes"},"schema":{"@context":"https:\/\/schema.org","@graph":[{"@type":"WebPage","@id":"https:\/\/www.joematkad.ee\/paikeseloojangumatk\/","url":"https:\/\/www.joematkad.ee\/paikeseloojangumatk\/","name":"Sunset trip | J\u00f5ematkad","isPartOf":{"@id":"https:\/\/www.joematkad.ee\/#website"},"datePublished":"2018-04-05T17:49:29+00:00","dateModified":"2024-05-18T12:09:52+00:00","description":"Rahulik ja romantiline \u00f5htune kanuus\u00f5it Emaj\u00f5el.","breadcrumb":{"@id":"https:\/\/www.joematkad.ee\/paikeseloojangumatk\/#breadcrumb"},"inLanguage":"en-US","potentialAction":[{"@type":"ReadAction","target":["https:\/\/www.joematkad.ee\/paikeseloojangumatk\/"]}]},{"@type":"BreadcrumbList","@id":"https:\/\/www.joematkad.ee\/paikeseloojangumatk\/#breadcrumb","itemListElement":[{"@type":"ListItem","position":1,"name":"Home","item":"https:\/\/www.joematkad.ee\/"},{"@type":"ListItem","position":2,"name":"P\u00e4ikeseloojangumatk"}]},{"@type":"WebSite","@id":"https:\/\/www.joematkad.ee\/#website","url":"https:\/\/www.joematkad.ee\/","name":"J\u00f5ematkad","description":"Kanuuretked","potentialAction":[{"@type":"SearchAction","target":{"@type":"EntryPoint","urlTemplate":"https:\/\/www.joematkad.ee\/?s={search_term_string}"},"query-input":{"@type":"PropertyValueSpecification","valueRequired":true,"valueName":"search_term_string"}}],"inLanguage":"en-US"}]}},"_links":{"self":[{"href":"https:\/\/joematkad.ee\/en\/wp-json\/wp\/v2\/pages\/15718","targetHints":{"allow":["GET"]}}],"collection":[{"href":"https:\/\/joematkad.ee\/en\/wp-json\/wp\/v2\/pages"}],"about":[{"href":"https:\/\/joematkad.ee\/en\/wp-json\/wp\/v2\/types\/page"}],"author":[{"embeddable":true,"href":"https:\/\/joematkad.ee\/en\/wp-json\/wp\/v2\/users\/1"}],"replies":[{"embeddable":true,"href":"https:\/\/joematkad.ee\/en\/wp-json\/wp\/v2\/comments?post=15718"}],"version-history":[{"count":5,"href":"https:\/\/joematkad.ee\/en\/wp-json\/wp\/v2\/pages\/15718\/revisions"}],"predecessor-version":[{"id":16813,"href":"https:\/\/joematkad.ee\/en\/wp-json\/wp\/v2\/pages\/15718\/revisions\/16813"}],"wp:attachment":[{"href":"https:\/\/joematkad.ee\/en\/wp-json\/wp\/v2\/media?parent=15718"}],"curies":[{"name":"wp","href":"https:\/\/api.w.org\/{rel}","templated":true}]}}