{"id":15716,"date":"2018-04-05T20:48:59","date_gmt":"2018-04-05T17:48:59","guid":{"rendered":"https:\/\/joematkad.ee\/?page_id=15716"},"modified":"2026-04-03T16:14:37","modified_gmt":"2026-04-03T13:14:37","slug":"torvikumatk","status":"publish","type":"page","link":"https:\/\/joematkad.ee\/en\/torvikumatk\/","title":{"rendered":"Torchlight canoe trip on Emaj\u00f5gi"},"content":{"rendered":"<div class=\"wpb-content-wrapper\"><p>[vc_row][vc_column width=&#8221;2\/3&#8243;][vc_column_text]<b>Exciting and romantic nocturnal canoe trip on Emaj\u00f5gi. Canoeing at night is one of a kind experience \u2013 the colors of sunset, flickering light of torches, sounds of nature, light mist on the water, the citylights mirroring from the dark waters \u2013 it all adds up to a very mystical feeling.<\/b><\/p>\n<p>We will canoe under the guidance of an experienced guide and as a single group up the river to Kvissentali, where turn around, and head back to Tartu, enjoying the beautiful nature of outskirts. Every canoe has a live torch installed to the prow for the light as well as for the mood.<\/p>\n<p>You don\u2019t need to have any special skills or previous canoeing-experience to take part of our trip. It\u2019s a romantic adventure to take your special one. The waters of Emaj\u00f5gi are rather calm and slow. There\u2019s no rapids or any other obstacles on our way.<\/p>\n<p>The whole experience lasts about 2 hours.[\/vc_column_text][vc_column_text]<strong>PRICE LIST<\/strong><\/p>\n<p><strong>The prices for a private torchlight trip for your group are as follows:<\/strong><\/p>\n<p><strong>\u2022 1-2 persons = 100 \u20ac<\/strong><br \/>\n<strong>\u2022 3-4 persons = 140 \u20ac<\/strong><br \/>\n<strong>\u2022 5+ people<\/strong><strong> = 30 \u20ac\/person<\/strong><\/p>\n<p>When joining our <a href=\"https:\/\/www.joematkad.ee\/en\/avalikud-grupimatkad\/\" target=\"_blank\" rel=\"noopener\">scheduled trip<\/a> the price is <strong>30 \u20ac<\/strong> per person.<\/p>\n<p>Price includes:<br \/>\n&#8211; A seat in the canoe<br \/>\n&#8211; Necessary equipment (a paddle and a life-jacket)<br \/>\n&#8211; Briefing before the trip<br \/>\n&#8211; Instructors service during the trip[\/vc_column_text][vc_column_text]<strong>BEFORE COMING TO OUR TRIP YOU SHOULD KNOW:<\/strong><\/p>\n<p>&#8211; The water is wet and sober mind is essential for safety. <strong>If you are drunk you stay on the shore.<\/strong><br \/>\n&#8211; Dress according to the weather. Don\u2019t forget that besides clothes you have to wear also a life-jacket we provide you.<br \/>\n&#8211; Pack your cellphone and\/ or other electronic devices in waterproof bag.<br \/>\n&#8211; Please, leave your preschool children and pets at home.<\/p>\n<p><strong>ADDITIONAL INFORMATION AND REGISTERING<\/strong><br \/>\nVia e-mail: <strong>info@joematkad.ee<\/strong><br \/>\nOr by phone: (+372) 55 69 69 70[\/vc_column_text][\/vc_column][vc_column width=&#8221;1\/3&#8243;][vc_empty_space][vc_gallery type=&#8221;image_grid&#8221; images=&#8221;15878,15879,15880,15881,15882,15883,15884,15885&#8243;][\/vc_column][\/vc_row]<\/p>\n<\/div>","protected":false},"excerpt":{"rendered":"<p>[vc_row][vc_column width=&#8221;2\/3&#8243;][vc_column_text]Exciting and romantic nocturnal canoe trip on Emaj\u00f5gi. Canoeing at night is one of a kind experience \u2013 the colors of sunset, flickering light of torches, sounds of nature, light mist on the water, the citylights mirroring from the dark waters \u2013 it all adds up to a very mystical feeling. We will canoe under the guidance of an experienced guide and as a single group up the river to Kvissentali, where turn around, and head back to Tartu, enjoying the beautiful nature of outskirts. Every canoe has a live torch installed to the prow for the light as well as for the mood. You don\u2019t need to have any special skills or previous canoeing-experience to take part of our trip. It\u2019s a romantic adventure to take your special one. The waters of Emaj\u00f5gi are rather calm and slow. There\u2019s no rapids or any other obstacles on our way. The whole experience lasts about 2 hours.[\/vc_column_text][vc_column_text]PRICE LIST The prices for a private torchlight trip for your group are as follows: \u2022 1-2 persons = 100 \u20ac \u2022 3-4 persons = 140 \u20ac \u2022 5+ people = 30 \u20ac\/person When joining our scheduled trip the price is 30 \u20ac per [&hellip;]<\/p>\n","protected":false},"author":1,"featured_media":0,"parent":0,"menu_order":0,"comment_status":"closed","ping_status":"closed","template":"","meta":{"_monsterinsights_skip_tracking":false,"_monsterinsights_sitenote_active":false,"_monsterinsights_sitenote_note":"","_monsterinsights_sitenote_category":0,"footnotes":""},"class_list":["post-15716","page","type-page","status-publish","hentry"],"aioseo_notices":[],"yoast_head":"<!-- This site is optimized with the Yoast SEO plugin v24.2 - https:\/\/yoast.com\/wordpress\/plugins\/seo\/ -->\n<title>Torchlight canoe trip on Emaj\u00f5gi | J\u00f5ematkad<\/title>\n<meta name=\"description\" content=\"(Eesti) P\u00f5nev ja romantiline \u00f6ine kanuus\u00f5it Emaj\u00f5el.\" \/>\n<meta name=\"robots\" content=\"index, follow, max-snippet:-1, max-image-preview:large, max-video-preview:-1\" \/>\n<link rel=\"canonical\" href=\"https:\/\/joematkad.ee\/torvikumatk\/\" \/>\n<meta property=\"og:locale\" content=\"en_US\" \/>\n<meta property=\"og:type\" content=\"article\" \/>\n<meta property=\"og:title\" content=\"Torchlight canoe trip on Emaj\u00f5gi | J\u00f5ematkad\" \/>\n<meta property=\"og:description\" content=\"{:et}P\u00f5nev ja romantiline \u00f6ine kanuus\u00f5it Emaj\u00f5el. {:}\" \/>\n<meta property=\"og:url\" content=\"https:\/\/joematkad.ee\/torvikumatk\/\" \/>\n<meta property=\"og:site_name\" content=\"J\u00f5ematkad\" \/>\n<meta property=\"article:publisher\" content=\"https:\/\/www.facebook.com\/Joematkad.ee\/\" \/>\n<meta property=\"article:modified_time\" content=\"2026-04-03T13:14:37+00:00\" \/>\n<meta name=\"twitter:card\" content=\"summary_large_image\" \/>\n<meta name=\"twitter:label1\" content=\"Est. reading time\" \/>\n\t<meta name=\"twitter:data1\" content=\"3 minutes\" \/>\n<script type=\"application\/ld+json\" class=\"yoast-schema-graph\">{\"@context\":\"https:\/\/schema.org\",\"@graph\":[{\"@type\":\"WebPage\",\"@id\":\"https:\/\/joematkad.ee\/torvikumatk\/\",\"url\":\"https:\/\/joematkad.ee\/torvikumatk\/\",\"name\":\"Torchlight canoe trip on Emaj\u00f5gi | J\u00f5ematkad\",\"isPartOf\":{\"@id\":\"https:\/\/www.joematkad.ee\/#website\"},\"datePublished\":\"2018-04-05T17:48:59+00:00\",\"dateModified\":\"2026-04-03T13:14:37+00:00\",\"description\":\"{:et}P\u00f5nev ja romantiline \u00f6ine kanuus\u00f5it Emaj\u00f5el. {:}\",\"breadcrumb\":{\"@id\":\"https:\/\/joematkad.ee\/torvikumatk\/#breadcrumb\"},\"inLanguage\":\"en-US\",\"potentialAction\":[{\"@type\":\"ReadAction\",\"target\":[\"https:\/\/joematkad.ee\/torvikumatk\/\"]}]},{\"@type\":\"BreadcrumbList\",\"@id\":\"https:\/\/joematkad.ee\/torvikumatk\/#breadcrumb\",\"itemListElement\":[{\"@type\":\"ListItem\",\"position\":1,\"name\":\"Home\",\"item\":\"https:\/\/www.joematkad.ee\/\"},{\"@type\":\"ListItem\",\"position\":2,\"name\":\"\u00d6ine kanuumatk Emaj\u00f5el\"}]},{\"@type\":\"WebSite\",\"@id\":\"https:\/\/www.joematkad.ee\/#website\",\"url\":\"https:\/\/www.joematkad.ee\/\",\"name\":\"J\u00f5ematkad\",\"description\":\"Kanuuretked\",\"potentialAction\":[{\"@type\":\"SearchAction\",\"target\":{\"@type\":\"EntryPoint\",\"urlTemplate\":\"https:\/\/www.joematkad.ee\/?s={search_term_string}\"},\"query-input\":{\"@type\":\"PropertyValueSpecification\",\"valueRequired\":true,\"valueName\":\"search_term_string\"}}],\"inLanguage\":\"en-US\"}]}<\/script>\n<!-- \/ Yoast SEO plugin. -->","yoast_head_json":{"title":"Torchlight canoe trip on Emaj\u00f5gi | J\u00f5ematkad","description":"(Eesti) P\u00f5nev ja romantiline \u00f6ine kanuus\u00f5it Emaj\u00f5el.","robots":{"index":"index","follow":"follow","max-snippet":"max-snippet:-1","max-image-preview":"max-image-preview:large","max-video-preview":"max-video-preview:-1"},"canonical":"https:\/\/joematkad.ee\/torvikumatk\/","og_locale":"en_US","og_type":"article","og_title":"Torchlight canoe trip on Emaj\u00f5gi | J\u00f5ematkad","og_description":"{:et}P\u00f5nev ja romantiline \u00f6ine kanuus\u00f5it Emaj\u00f5el. {:}","og_url":"https:\/\/joematkad.ee\/torvikumatk\/","og_site_name":"J\u00f5ematkad","article_publisher":"https:\/\/www.facebook.com\/Joematkad.ee\/","article_modified_time":"2026-04-03T13:14:37+00:00","twitter_card":"summary_large_image","twitter_misc":{"Est. reading time":"3 minutes"},"schema":{"@context":"https:\/\/schema.org","@graph":[{"@type":"WebPage","@id":"https:\/\/joematkad.ee\/torvikumatk\/","url":"https:\/\/joematkad.ee\/torvikumatk\/","name":"Torchlight canoe trip on Emaj\u00f5gi | J\u00f5ematkad","isPartOf":{"@id":"https:\/\/www.joematkad.ee\/#website"},"datePublished":"2018-04-05T17:48:59+00:00","dateModified":"2026-04-03T13:14:37+00:00","description":"{:et}P\u00f5nev ja romantiline \u00f6ine kanuus\u00f5it Emaj\u00f5el. {:}","breadcrumb":{"@id":"https:\/\/joematkad.ee\/torvikumatk\/#breadcrumb"},"inLanguage":"en-US","potentialAction":[{"@type":"ReadAction","target":["https:\/\/joematkad.ee\/torvikumatk\/"]}]},{"@type":"BreadcrumbList","@id":"https:\/\/joematkad.ee\/torvikumatk\/#breadcrumb","itemListElement":[{"@type":"ListItem","position":1,"name":"Home","item":"https:\/\/www.joematkad.ee\/"},{"@type":"ListItem","position":2,"name":"\u00d6ine kanuumatk Emaj\u00f5el"}]},{"@type":"WebSite","@id":"https:\/\/www.joematkad.ee\/#website","url":"https:\/\/www.joematkad.ee\/","name":"J\u00f5ematkad","description":"Kanuuretked","potentialAction":[{"@type":"SearchAction","target":{"@type":"EntryPoint","urlTemplate":"https:\/\/www.joematkad.ee\/?s={search_term_string}"},"query-input":{"@type":"PropertyValueSpecification","valueRequired":true,"valueName":"search_term_string"}}],"inLanguage":"en-US"}]}},"_links":{"self":[{"href":"https:\/\/joematkad.ee\/en\/wp-json\/wp\/v2\/pages\/15716","targetHints":{"allow":["GET"]}}],"collection":[{"href":"https:\/\/joematkad.ee\/en\/wp-json\/wp\/v2\/pages"}],"about":[{"href":"https:\/\/joematkad.ee\/en\/wp-json\/wp\/v2\/types\/page"}],"author":[{"embeddable":true,"href":"https:\/\/joematkad.ee\/en\/wp-json\/wp\/v2\/users\/1"}],"replies":[{"embeddable":true,"href":"https:\/\/joematkad.ee\/en\/wp-json\/wp\/v2\/comments?post=15716"}],"version-history":[{"count":6,"href":"https:\/\/joematkad.ee\/en\/wp-json\/wp\/v2\/pages\/15716\/revisions"}],"predecessor-version":[{"id":16871,"href":"https:\/\/joematkad.ee\/en\/wp-json\/wp\/v2\/pages\/15716\/revisions\/16871"}],"wp:attachment":[{"href":"https:\/\/joematkad.ee\/en\/wp-json\/wp\/v2\/media?parent=15716"}],"curies":[{"name":"wp","href":"https:\/\/api.w.org\/{rel}","templated":true}]}}