{"id":15711,"date":"2018-04-05T20:46:26","date_gmt":"2018-04-05T17:46:26","guid":{"rendered":"https:\/\/joematkad.ee\/?page_id=15711"},"modified":"2023-01-24T11:19:21","modified_gmt":"2023-01-24T09:19:21","slug":"tartu-linnamatk","status":"publish","type":"page","link":"https:\/\/joematkad.ee\/en\/tartu-linnamatk\/","title":{"rendered":"Tartu City trip"},"content":{"rendered":"<div class=\"wpb-content-wrapper\"><p>[vc_row][vc_column width=&#8221;2\/3&#8243;][vc_column_text]<\/p>\n<h5>Canoe trip in Tartu is a good opportunity to escape your usual routine and get to know our town from another perspective.<\/h5>\n<p>We will paddle under the guidance of an experienced instructor through the city center and through the outskirts of Tartu.<\/p>\n<p>The trip starts and ends in the same point at <a href=\"http:\/\/kaart.delfi.ee\/\/?bookmark=57e864a46a4f66c1184635a5a66be21a\" target=\"_blank\" rel=\"noopener\">Ranna tee 3, Tartu.<\/a><\/p>\n<p>Adventure lasts about 2-3 hours (including briefing) and the length of the journey is about 7 kilometres.<\/p>\n<p>Previous canoeing experience is recommended but not necessary to take part of the Tartu city trip.[\/vc_column_text][vc_column_text]<strong>PRICE LIST<\/strong><br \/>\n<strong>The prices for a private canoe trip for your group are as follows:<\/strong><br \/>\n<strong>\u2022 1-2 persons = 70 \u20ac<\/strong><br \/>\n<strong>\u2022 3-4 persons = 100 \u20ac<\/strong><br \/>\n<strong>\u2022 5 + persons = 20 \u20ac per person<\/strong><\/p>\n<p>When joining our <a href=\"https:\/\/joematkad.ee\/en\/plaanilised-matkad\/\">scheduled trip<\/a> the <strong>price is 25 \u20ac per person<\/strong>.<\/p>\n<p>P. S. 12 year old and younger child accompanied with two adults can join in for free (in the middle seat of a canoe).<\/p>\n<p><strong>Price includes:<\/strong><br \/>\n&#8211; A seat in the canoe<br \/>\n&#8211; Necessary equipment (a paddle and a life-jacket)<br \/>\n&#8211; The briefing before trip<br \/>\n&#8211; Instructors service during the trip[\/vc_column_text][vc_column_text]<strong>BEFORE COMING TO OUR TRIP YOU SHOULD KNOW:<\/strong><\/p>\n<p>&#8211; The water is wet and sober mind is essential for safety. <strong>If you are drunk you stay on the shore.<\/strong><br \/>\n&#8211; Dress according to the weather. Don\u2019t forget that besides clothes you have to wear also a life-jacket we provide you.<br \/>\n&#8211; Pack your cellphone and\/ or other electronic devices in waterproof bag.<br \/>\n&#8211; Please, leave your preschool children and pets at home.<\/p>\n<p><strong>ADDITIONAL INFORMATION AND REGISTERING<\/strong><\/p>\n<p>Via e-mail: <strong>info@joematkad.ee<\/strong><\/p>\n<p>Or by phone: (+372) 55 69 69 70[\/vc_column_text][\/vc_column][vc_column width=&#8221;1\/3&#8243;][vc_empty_space][vc_gallery type=&#8221;image_grid&#8221; images=&#8221;15851,15848,15849,15852,15850,15853,15855,15854&#8243;][\/vc_column][\/vc_row]<\/p>\n<\/div>","protected":false},"excerpt":{"rendered":"<p>[vc_row][vc_column width=&#8221;2\/3&#8243;][vc_column_text] Canoe trip in Tartu is a good opportunity to escape your usual routine and get to know our town from another perspective. We will paddle under the guidance of an experienced instructor through the city center and through the outskirts of Tartu. The trip starts and ends in the same point at Ranna tee 3, Tartu. Adventure lasts about 2-3 hours (including briefing) and the length of the journey is about 7 kilometres. Previous canoeing experience is recommended but not necessary to take part of the Tartu city trip.[\/vc_column_text][vc_column_text]PRICE LIST The prices for a private canoe trip for your group are as follows: \u2022 1-2 persons = 70 \u20ac \u2022 3-4 persons = 100 \u20ac \u2022 5 + persons = 20 \u20ac per person When joining our scheduled trip the price is 25 \u20ac per person. P. S. 12 year old and younger child accompanied with two adults can join in for free (in the middle seat of a canoe). Price includes: &#8211; A seat in the canoe &#8211; Necessary equipment (a paddle and a life-jacket) &#8211; The briefing before trip &#8211; Instructors service during the trip[\/vc_column_text][vc_column_text]BEFORE COMING TO OUR TRIP YOU SHOULD KNOW: &#8211; The water is [&hellip;]<\/p>\n","protected":false},"author":1,"featured_media":0,"parent":0,"menu_order":0,"comment_status":"closed","ping_status":"closed","template":"","meta":{"_monsterinsights_skip_tracking":false,"_monsterinsights_sitenote_active":false,"_monsterinsights_sitenote_note":"","_monsterinsights_sitenote_category":0,"footnotes":""},"class_list":["post-15711","page","type-page","status-publish","hentry"],"aioseo_notices":[],"yoast_head":"<!-- This site is optimized with the Yoast SEO plugin v24.2 - https:\/\/yoast.com\/wordpress\/plugins\/seo\/ -->\n<title>Tartu City trip | J\u00f5ematkad<\/title>\n<meta name=\"description\" content=\"Kanuumatk Tartus on hea v\u00f5imalus paariks tunniks ennast tavap\u00e4rasest linnar\u00fctmist v\u00e4lja l\u00fclitada ja teha Emaj\u00f5e Ateenaga tutvust veidi teistsuguse nurga alt.\" \/>\n<meta name=\"robots\" content=\"index, follow, max-snippet:-1, max-image-preview:large, max-video-preview:-1\" \/>\n<link rel=\"canonical\" href=\"https:\/\/www.joematkad.ee\/tartu-linnamatk\/\" \/>\n<meta property=\"og:locale\" content=\"en_US\" \/>\n<meta property=\"og:type\" content=\"article\" \/>\n<meta property=\"og:title\" content=\"Tartu City trip | J\u00f5ematkad\" \/>\n<meta property=\"og:description\" content=\"Kanuumatk Tartus on hea v\u00f5imalus paariks tunniks ennast tavap\u00e4rasest linnar\u00fctmist v\u00e4lja l\u00fclitada ja teha Emaj\u00f5e Ateenaga tutvust veidi teistsuguse nurga alt.\" \/>\n<meta property=\"og:url\" content=\"https:\/\/www.joematkad.ee\/tartu-linnamatk\/\" \/>\n<meta property=\"og:site_name\" content=\"J\u00f5ematkad\" \/>\n<meta property=\"article:publisher\" content=\"https:\/\/www.facebook.com\/Joematkad.ee\/\" \/>\n<meta property=\"article:modified_time\" content=\"2023-01-24T09:19:21+00:00\" \/>\n<meta name=\"twitter:card\" content=\"summary_large_image\" \/>\n<meta name=\"twitter:label1\" content=\"Est. reading time\" \/>\n\t<meta name=\"twitter:data1\" content=\"2 minutes\" \/>\n<script type=\"application\/ld+json\" class=\"yoast-schema-graph\">{\"@context\":\"https:\/\/schema.org\",\"@graph\":[{\"@type\":\"WebPage\",\"@id\":\"https:\/\/www.joematkad.ee\/tartu-linnamatk\/\",\"url\":\"https:\/\/www.joematkad.ee\/tartu-linnamatk\/\",\"name\":\"Tartu City trip | J\u00f5ematkad\",\"isPartOf\":{\"@id\":\"https:\/\/www.joematkad.ee\/#website\"},\"datePublished\":\"2018-04-05T17:46:26+00:00\",\"dateModified\":\"2023-01-24T09:19:21+00:00\",\"description\":\"Kanuumatk Tartus on hea v\u00f5imalus paariks tunniks ennast tavap\u00e4rasest linnar\u00fctmist v\u00e4lja l\u00fclitada ja teha Emaj\u00f5e Ateenaga tutvust veidi teistsuguse nurga alt.\",\"breadcrumb\":{\"@id\":\"https:\/\/www.joematkad.ee\/tartu-linnamatk\/#breadcrumb\"},\"inLanguage\":\"en-US\",\"potentialAction\":[{\"@type\":\"ReadAction\",\"target\":[\"https:\/\/www.joematkad.ee\/tartu-linnamatk\/\"]}]},{\"@type\":\"BreadcrumbList\",\"@id\":\"https:\/\/www.joematkad.ee\/tartu-linnamatk\/#breadcrumb\",\"itemListElement\":[{\"@type\":\"ListItem\",\"position\":1,\"name\":\"Home\",\"item\":\"https:\/\/www.joematkad.ee\/\"},{\"@type\":\"ListItem\",\"position\":2,\"name\":\"Tartu linnamatk\"}]},{\"@type\":\"WebSite\",\"@id\":\"https:\/\/www.joematkad.ee\/#website\",\"url\":\"https:\/\/www.joematkad.ee\/\",\"name\":\"J\u00f5ematkad\",\"description\":\"Kanuuretked\",\"potentialAction\":[{\"@type\":\"SearchAction\",\"target\":{\"@type\":\"EntryPoint\",\"urlTemplate\":\"https:\/\/www.joematkad.ee\/?s={search_term_string}\"},\"query-input\":{\"@type\":\"PropertyValueSpecification\",\"valueRequired\":true,\"valueName\":\"search_term_string\"}}],\"inLanguage\":\"en-US\"}]}<\/script>\n<!-- \/ Yoast SEO plugin. -->","yoast_head_json":{"title":"Tartu City trip | J\u00f5ematkad","description":"Kanuumatk Tartus on hea v\u00f5imalus paariks tunniks ennast tavap\u00e4rasest linnar\u00fctmist v\u00e4lja l\u00fclitada ja teha Emaj\u00f5e Ateenaga tutvust veidi teistsuguse nurga alt.","robots":{"index":"index","follow":"follow","max-snippet":"max-snippet:-1","max-image-preview":"max-image-preview:large","max-video-preview":"max-video-preview:-1"},"canonical":"https:\/\/www.joematkad.ee\/tartu-linnamatk\/","og_locale":"en_US","og_type":"article","og_title":"Tartu City trip | J\u00f5ematkad","og_description":"Kanuumatk Tartus on hea v\u00f5imalus paariks tunniks ennast tavap\u00e4rasest linnar\u00fctmist v\u00e4lja l\u00fclitada ja teha Emaj\u00f5e Ateenaga tutvust veidi teistsuguse nurga alt.","og_url":"https:\/\/www.joematkad.ee\/tartu-linnamatk\/","og_site_name":"J\u00f5ematkad","article_publisher":"https:\/\/www.facebook.com\/Joematkad.ee\/","article_modified_time":"2023-01-24T09:19:21+00:00","twitter_card":"summary_large_image","twitter_misc":{"Est. reading time":"2 minutes"},"schema":{"@context":"https:\/\/schema.org","@graph":[{"@type":"WebPage","@id":"https:\/\/www.joematkad.ee\/tartu-linnamatk\/","url":"https:\/\/www.joematkad.ee\/tartu-linnamatk\/","name":"Tartu City trip | J\u00f5ematkad","isPartOf":{"@id":"https:\/\/www.joematkad.ee\/#website"},"datePublished":"2018-04-05T17:46:26+00:00","dateModified":"2023-01-24T09:19:21+00:00","description":"Kanuumatk Tartus on hea v\u00f5imalus paariks tunniks ennast tavap\u00e4rasest linnar\u00fctmist v\u00e4lja l\u00fclitada ja teha Emaj\u00f5e Ateenaga tutvust veidi teistsuguse nurga alt.","breadcrumb":{"@id":"https:\/\/www.joematkad.ee\/tartu-linnamatk\/#breadcrumb"},"inLanguage":"en-US","potentialAction":[{"@type":"ReadAction","target":["https:\/\/www.joematkad.ee\/tartu-linnamatk\/"]}]},{"@type":"BreadcrumbList","@id":"https:\/\/www.joematkad.ee\/tartu-linnamatk\/#breadcrumb","itemListElement":[{"@type":"ListItem","position":1,"name":"Home","item":"https:\/\/www.joematkad.ee\/"},{"@type":"ListItem","position":2,"name":"Tartu linnamatk"}]},{"@type":"WebSite","@id":"https:\/\/www.joematkad.ee\/#website","url":"https:\/\/www.joematkad.ee\/","name":"J\u00f5ematkad","description":"Kanuuretked","potentialAction":[{"@type":"SearchAction","target":{"@type":"EntryPoint","urlTemplate":"https:\/\/www.joematkad.ee\/?s={search_term_string}"},"query-input":{"@type":"PropertyValueSpecification","valueRequired":true,"valueName":"search_term_string"}}],"inLanguage":"en-US"}]}},"_links":{"self":[{"href":"https:\/\/joematkad.ee\/en\/wp-json\/wp\/v2\/pages\/15711","targetHints":{"allow":["GET"]}}],"collection":[{"href":"https:\/\/joematkad.ee\/en\/wp-json\/wp\/v2\/pages"}],"about":[{"href":"https:\/\/joematkad.ee\/en\/wp-json\/wp\/v2\/types\/page"}],"author":[{"embeddable":true,"href":"https:\/\/joematkad.ee\/en\/wp-json\/wp\/v2\/users\/1"}],"replies":[{"embeddable":true,"href":"https:\/\/joematkad.ee\/en\/wp-json\/wp\/v2\/comments?post=15711"}],"version-history":[{"count":5,"href":"https:\/\/joematkad.ee\/en\/wp-json\/wp\/v2\/pages\/15711\/revisions"}],"predecessor-version":[{"id":16678,"href":"https:\/\/joematkad.ee\/en\/wp-json\/wp\/v2\/pages\/15711\/revisions\/16678"}],"wp:attachment":[{"href":"https:\/\/joematkad.ee\/en\/wp-json\/wp\/v2\/media?parent=15711"}],"curies":[{"name":"wp","href":"https:\/\/api.w.org\/{rel}","templated":true}]}}