{"id":15498,"date":"2018-04-01T00:08:21","date_gmt":"2018-03-31T21:08:21","guid":{"rendered":"https:\/\/joematkad.ee\/?page_id=15498"},"modified":"2025-07-04T12:48:40","modified_gmt":"2025-07-04T09:48:40","slug":"laenutus","status":"publish","type":"page","link":"https:\/\/joematkad.ee\/en\/laenutus\/","title":{"rendered":"Rental"},"content":{"rendered":"<div class=\"wpb-content-wrapper\"><p>[vc_row][vc_column width=&#8221;1\/2&#8243;][vc_column_text]<strong>Canoes<\/strong><\/p>\n<p>We rent out different touring canoes.<\/p>\n<p>Canoes come with 2 or 3 seats and all the necessary equipment (life-jackets and paddles).<\/p>\n<p>All canoes are equiped with floating units (i.e. they stay afloat when dipped over).<\/p>\n<p><strong>Price:<\/strong><\/p>\n<p><strong>1 day: 35\u20ac\/canoe<\/strong><br \/>\n<strong>2 days: 60\u20ac\/canoe<\/strong><br \/>\n<strong>3 days: 80\u20ac\/canoe<\/strong><br \/>\n<strong>4+ days: negotiable<\/strong><\/p>\n<p>These prices don\u2019t include the transport.<\/p>\n<p>NB! We are renting canoes for using outside city center of Tartu. In the city center of Tartu, where the traffic on the river is busy, we organize guided trips.[\/vc_column_text][\/vc_column][vc_column width=&#8221;1\/2&#8243;][vc_empty_space]<div class=\"single_image wpb_content_element align-left    \" data-animation=\"none\" data-delay=\"0\"><img loading=\"lazy\" decoding=\"async\" width=\"1200\" height=\"795\" src=\"https:\/\/joematkad.ee\/wp-content\/uploads\/2018\/04\/kanuuga_emaj6el.jpg\" class=\"attachment-full\" alt=\"\" title=\"kanuuga_emaj6el\" srcset=\"https:\/\/joematkad.ee\/wp-content\/uploads\/2018\/04\/kanuuga_emaj6el.jpg 1200w, https:\/\/joematkad.ee\/wp-content\/uploads\/2018\/04\/kanuuga_emaj6el-300x199.jpg 300w, https:\/\/joematkad.ee\/wp-content\/uploads\/2018\/04\/kanuuga_emaj6el-768x509.jpg 768w, https:\/\/joematkad.ee\/wp-content\/uploads\/2018\/04\/kanuuga_emaj6el-1024x678.jpg 1024w\" sizes=\"auto, (max-width: 1200px) 100vw, 1200px\" \/><\/div>[\/vc_column][\/vc_row][vc_row top_padding=&#8221;60&#8243; bottom_padding=&#8221;60&#8243;][vc_column width=&#8221;1\/1&#8243;]<div class=\"newdivider align-center\" style=\"border-bottom-style: solid; border-color: #999999; border-bottom-width: 1px; margin-top: 0; margin-bottom: 0; width: 100%; \"><\/div><div class=\"clear\"><\/div>[\/vc_column][\/vc_row][vc_row][vc_column width=&#8221;1\/2&#8243;][vc_column_text]<strong>Kayak rental<\/strong><\/p>\n<p>We rent out some simple (plastic) touring kayaks that are suitable for the beginners.<\/p>\n<p><strong>Price:<\/strong><br \/>\n<strong>1 day: 35\u20ac\/kayak<\/strong><br \/>\n<strong>2 days: 60\u20ac\/kayak<\/strong><br \/>\n<strong>3 days: 80\u20ac\/kayak<\/strong><\/p>\n<p><strong>One week: 120 \u20ac\/kayak<\/strong><\/p>\n<p>For more details please check out our <a href=\"https:\/\/joematkad.ee\/laenutus\/\" target=\"_blank\" rel=\"noopener\">Estonian page<\/a> or send us an e-mail: info@joematkad.ee[\/vc_column_text][\/vc_column][vc_column width=&#8221;1\/2&#8243;][vc_empty_space]<div class=\"single_image wpb_content_element align-left    \" data-animation=\"none\" data-delay=\"0\"><img loading=\"lazy\" decoding=\"async\" width=\"1000\" height=\"750\" src=\"https:\/\/joematkad.ee\/wp-content\/uploads\/2018\/10\/Rent-Titris12.jpg\" class=\"attachment-full\" alt=\"\" title=\"Rent-Titris12\" srcset=\"https:\/\/joematkad.ee\/wp-content\/uploads\/2018\/10\/Rent-Titris12.jpg 1000w, https:\/\/joematkad.ee\/wp-content\/uploads\/2018\/10\/Rent-Titris12-300x225.jpg 300w, https:\/\/joematkad.ee\/wp-content\/uploads\/2018\/10\/Rent-Titris12-768x576.jpg 768w\" sizes=\"auto, (max-width: 1000px) 100vw, 1000px\" \/><\/div>[\/vc_column][\/vc_row][vc_row][vc_column width=&#8221;1\/1&#8243;]<div class=\"newdivider align-center\" style=\"border-bottom-style: solid; border-color: #999999; border-bottom-width: 1px; margin-top: 60; margin-bottom: 60; width: 100%; \"><\/div><div class=\"clear\"><\/div>[vc_empty_space][\/vc_column][\/vc_row][vc_row][vc_column width=&#8221;1\/2&#8243;][vc_column_text]<strong>Canoe transportation<\/strong><\/p>\n<p>Our trailer holds up to six canoes max.<\/p>\n<p><b>The price depends of the exact route and the number of canoes.<\/b><\/p>\n<p>Tell us about your canoe trip plans and we will make you a personal offer.<\/p>\n<p>Trip packages shown on <a href=\"https:\/\/joematkad.ee\/en\/matkapaketid\/\">our website<\/a> include transportation.[\/vc_column_text][\/vc_column][vc_column width=&#8221;1\/2&#8243;][vc_empty_space]<div class=\"single_image wpb_content_element align-left    \" data-animation=\"none\" data-delay=\"0\"><img loading=\"lazy\" decoding=\"async\" width=\"1200\" height=\"795\" src=\"https:\/\/joematkad.ee\/wp-content\/uploads\/2018\/04\/matka-algus.jpg\" class=\"attachment-full\" alt=\"\" title=\"matka-algus\" srcset=\"https:\/\/joematkad.ee\/wp-content\/uploads\/2018\/04\/matka-algus.jpg 1200w, https:\/\/joematkad.ee\/wp-content\/uploads\/2018\/04\/matka-algus-300x199.jpg 300w, https:\/\/joematkad.ee\/wp-content\/uploads\/2018\/04\/matka-algus-768x509.jpg 768w, https:\/\/joematkad.ee\/wp-content\/uploads\/2018\/04\/matka-algus-1024x678.jpg 1024w\" sizes=\"auto, (max-width: 1200px) 100vw, 1200px\" \/><\/div>[\/vc_column][\/vc_row][vc_row][vc_column width=&#8221;1\/1&#8243;][vc_empty_space][\/vc_column][\/vc_row]<\/p>\n<\/div>","protected":false},"excerpt":{"rendered":"<p>[vc_row][vc_column width=&#8221;1\/2&#8243;][vc_column_text]Canoes We rent out different touring canoes. Canoes come with 2 or 3 seats and all the necessary equipment (life-jackets and paddles). All canoes are equiped with floating units (i.e. they stay afloat when dipped over). Price: 1 day: 35\u20ac\/canoe 2 days: 60\u20ac\/canoe 3 days: 80\u20ac\/canoe 4+ days: negotiable These prices don\u2019t include the transport. NB! We are renting canoes for using outside city center of Tartu. In the city center of Tartu, where the traffic on the river is busy, we organize guided trips.[\/vc_column_text][\/vc_column][vc_column width=&#8221;1\/2&#8243;][vc_empty_space][\/vc_column][\/vc_row][vc_row top_padding=&#8221;60&#8243; bottom_padding=&#8221;60&#8243;][vc_column width=&#8221;1\/1&#8243;][\/vc_column][\/vc_row][vc_row][vc_column width=&#8221;1\/2&#8243;][vc_column_text]Kayak rental We rent out some simple (plastic) touring kayaks that are suitable for the beginners. Price: 1 day: 35\u20ac\/kayak 2 days: 60\u20ac\/kayak 3 days: 80\u20ac\/kayak One week: 120 \u20ac\/kayak For more details please check out our Estonian page or send us an e-mail: info@joematkad.ee[\/vc_column_text][\/vc_column][vc_column width=&#8221;1\/2&#8243;][vc_empty_space][\/vc_column][\/vc_row][vc_row][vc_column width=&#8221;1\/1&#8243;][vc_empty_space][\/vc_column][\/vc_row][vc_row][vc_column width=&#8221;1\/2&#8243;][vc_column_text]Canoe transportation Our trailer holds up to six canoes max. The price depends of the exact route and the number of canoes. Tell us about your canoe trip plans and we will make you a personal offer. Trip packages shown on our website include transportation.[\/vc_column_text][\/vc_column][vc_column width=&#8221;1\/2&#8243;][vc_empty_space][\/vc_column][\/vc_row][vc_row][vc_column width=&#8221;1\/1&#8243;][vc_empty_space][\/vc_column][\/vc_row]<\/p>\n","protected":false},"author":1,"featured_media":0,"parent":0,"menu_order":0,"comment_status":"closed","ping_status":"closed","template":"","meta":{"_monsterinsights_skip_tracking":false,"_monsterinsights_sitenote_active":false,"_monsterinsights_sitenote_note":"","_monsterinsights_sitenote_category":0,"footnotes":""},"class_list":["post-15498","page","type-page","status-publish","hentry"],"aioseo_notices":[],"yoast_head":"<!-- This site is optimized with the Yoast SEO plugin v24.2 - https:\/\/yoast.com\/wordpress\/plugins\/seo\/ -->\n<title>Rental | J\u00f5ematkad<\/title>\n<meta name=\"description\" content=\"Kanuude ja s\u00fcstade laenutus ning transport Tartus ja L\u00f5una-Eestis.\" \/>\n<meta name=\"robots\" content=\"index, follow, max-snippet:-1, max-image-preview:large, max-video-preview:-1\" \/>\n<link rel=\"canonical\" href=\"https:\/\/joematkad.ee\/laenutus\/\" \/>\n<meta property=\"og:locale\" content=\"en_US\" \/>\n<meta property=\"og:type\" content=\"article\" \/>\n<meta property=\"og:title\" content=\"Rental | J\u00f5ematkad\" \/>\n<meta property=\"og:description\" content=\"Kanuude ja s\u00fcstade laenutus ning transport Tartus ja L\u00f5una-Eestis.\" \/>\n<meta property=\"og:url\" content=\"https:\/\/joematkad.ee\/laenutus\/\" \/>\n<meta property=\"og:site_name\" content=\"J\u00f5ematkad\" \/>\n<meta property=\"article:publisher\" content=\"https:\/\/www.facebook.com\/Joematkad.ee\/\" \/>\n<meta property=\"article:modified_time\" content=\"2025-07-04T09:48:40+00:00\" \/>\n<meta name=\"twitter:card\" content=\"summary_large_image\" \/>\n<meta name=\"twitter:label1\" content=\"Est. reading time\" \/>\n\t<meta name=\"twitter:data1\" content=\"6 minutes\" \/>\n<script type=\"application\/ld+json\" class=\"yoast-schema-graph\">{\"@context\":\"https:\/\/schema.org\",\"@graph\":[{\"@type\":\"WebPage\",\"@id\":\"https:\/\/joematkad.ee\/laenutus\/\",\"url\":\"https:\/\/joematkad.ee\/laenutus\/\",\"name\":\"Rental | J\u00f5ematkad\",\"isPartOf\":{\"@id\":\"https:\/\/www.joematkad.ee\/#website\"},\"datePublished\":\"2018-03-31T21:08:21+00:00\",\"dateModified\":\"2025-07-04T09:48:40+00:00\",\"description\":\"Kanuude ja s\u00fcstade laenutus ning transport Tartus ja L\u00f5una-Eestis.\",\"breadcrumb\":{\"@id\":\"https:\/\/joematkad.ee\/laenutus\/#breadcrumb\"},\"inLanguage\":\"en-US\",\"potentialAction\":[{\"@type\":\"ReadAction\",\"target\":[\"https:\/\/joematkad.ee\/laenutus\/\"]}]},{\"@type\":\"BreadcrumbList\",\"@id\":\"https:\/\/joematkad.ee\/laenutus\/#breadcrumb\",\"itemListElement\":[{\"@type\":\"ListItem\",\"position\":1,\"name\":\"Home\",\"item\":\"https:\/\/www.joematkad.ee\/\"},{\"@type\":\"ListItem\",\"position\":2,\"name\":\"Laenutus\"}]},{\"@type\":\"WebSite\",\"@id\":\"https:\/\/www.joematkad.ee\/#website\",\"url\":\"https:\/\/www.joematkad.ee\/\",\"name\":\"J\u00f5ematkad\",\"description\":\"Kanuuretked\",\"potentialAction\":[{\"@type\":\"SearchAction\",\"target\":{\"@type\":\"EntryPoint\",\"urlTemplate\":\"https:\/\/www.joematkad.ee\/?s={search_term_string}\"},\"query-input\":{\"@type\":\"PropertyValueSpecification\",\"valueRequired\":true,\"valueName\":\"search_term_string\"}}],\"inLanguage\":\"en-US\"}]}<\/script>\n<!-- \/ Yoast SEO plugin. -->","yoast_head_json":{"title":"Rental | J\u00f5ematkad","description":"Kanuude ja s\u00fcstade laenutus ning transport Tartus ja L\u00f5una-Eestis.","robots":{"index":"index","follow":"follow","max-snippet":"max-snippet:-1","max-image-preview":"max-image-preview:large","max-video-preview":"max-video-preview:-1"},"canonical":"https:\/\/joematkad.ee\/laenutus\/","og_locale":"en_US","og_type":"article","og_title":"Rental | J\u00f5ematkad","og_description":"Kanuude ja s\u00fcstade laenutus ning transport Tartus ja L\u00f5una-Eestis.","og_url":"https:\/\/joematkad.ee\/laenutus\/","og_site_name":"J\u00f5ematkad","article_publisher":"https:\/\/www.facebook.com\/Joematkad.ee\/","article_modified_time":"2025-07-04T09:48:40+00:00","twitter_card":"summary_large_image","twitter_misc":{"Est. reading time":"6 minutes"},"schema":{"@context":"https:\/\/schema.org","@graph":[{"@type":"WebPage","@id":"https:\/\/joematkad.ee\/laenutus\/","url":"https:\/\/joematkad.ee\/laenutus\/","name":"Rental | J\u00f5ematkad","isPartOf":{"@id":"https:\/\/www.joematkad.ee\/#website"},"datePublished":"2018-03-31T21:08:21+00:00","dateModified":"2025-07-04T09:48:40+00:00","description":"Kanuude ja s\u00fcstade laenutus ning transport Tartus ja L\u00f5una-Eestis.","breadcrumb":{"@id":"https:\/\/joematkad.ee\/laenutus\/#breadcrumb"},"inLanguage":"en-US","potentialAction":[{"@type":"ReadAction","target":["https:\/\/joematkad.ee\/laenutus\/"]}]},{"@type":"BreadcrumbList","@id":"https:\/\/joematkad.ee\/laenutus\/#breadcrumb","itemListElement":[{"@type":"ListItem","position":1,"name":"Home","item":"https:\/\/www.joematkad.ee\/"},{"@type":"ListItem","position":2,"name":"Laenutus"}]},{"@type":"WebSite","@id":"https:\/\/www.joematkad.ee\/#website","url":"https:\/\/www.joematkad.ee\/","name":"J\u00f5ematkad","description":"Kanuuretked","potentialAction":[{"@type":"SearchAction","target":{"@type":"EntryPoint","urlTemplate":"https:\/\/www.joematkad.ee\/?s={search_term_string}"},"query-input":{"@type":"PropertyValueSpecification","valueRequired":true,"valueName":"search_term_string"}}],"inLanguage":"en-US"}]}},"_links":{"self":[{"href":"https:\/\/joematkad.ee\/en\/wp-json\/wp\/v2\/pages\/15498","targetHints":{"allow":["GET"]}}],"collection":[{"href":"https:\/\/joematkad.ee\/en\/wp-json\/wp\/v2\/pages"}],"about":[{"href":"https:\/\/joematkad.ee\/en\/wp-json\/wp\/v2\/types\/page"}],"author":[{"embeddable":true,"href":"https:\/\/joematkad.ee\/en\/wp-json\/wp\/v2\/users\/1"}],"replies":[{"embeddable":true,"href":"https:\/\/joematkad.ee\/en\/wp-json\/wp\/v2\/comments?post=15498"}],"version-history":[{"count":5,"href":"https:\/\/joematkad.ee\/en\/wp-json\/wp\/v2\/pages\/15498\/revisions"}],"predecessor-version":[{"id":16860,"href":"https:\/\/joematkad.ee\/en\/wp-json\/wp\/v2\/pages\/15498\/revisions\/16860"}],"wp:attachment":[{"href":"https:\/\/joematkad.ee\/en\/wp-json\/wp\/v2\/media?parent=15498"}],"curies":[{"name":"wp","href":"https:\/\/api.w.org\/{rel}","templated":true}]}}