{"id":15496,"date":"2018-04-01T00:04:55","date_gmt":"2018-03-31T21:04:55","guid":{"rendered":"https:\/\/joematkad.ee\/?page_id=15496"},"modified":"2025-07-08T18:25:05","modified_gmt":"2025-07-08T15:25:05","slug":"matkapaketid","status":"publish","type":"page","link":"https:\/\/joematkad.ee\/en\/matkapaketid\/","title":{"rendered":"Matkapaketid"},"content":{"rendered":"<div class=\"wpb-content-wrapper\"><p>[vc_row top_padding=&#8221;0&#8243; bottom_padding=&#8221;30&#8243; bg_position=&#8221;left top&#8221;][vc_column width=&#8221;1\/3&#8243;]<div class=\"single_image wpb_content_element align-left    \" data-animation=\"none\" data-delay=\"0\"><a href=\"https:\/\/joematkad.ee\/en\/matkapaketid\/kanuusoit-emajoel\/\" target=\"_self\"><img loading=\"lazy\" decoding=\"async\" width=\"2048\" height=\"1365\" src=\"https:\/\/joematkad.ee\/wp-content\/uploads\/2021\/04\/IMGP6977.jpg\" class=\"attachment-full\" alt=\"\" title=\"IMGP6977\" srcset=\"https:\/\/joematkad.ee\/wp-content\/uploads\/2021\/04\/IMGP6977.jpg 2048w, https:\/\/joematkad.ee\/wp-content\/uploads\/2021\/04\/IMGP6977-300x200.jpg 300w, https:\/\/joematkad.ee\/wp-content\/uploads\/2021\/04\/IMGP6977-1024x683.jpg 1024w, https:\/\/joematkad.ee\/wp-content\/uploads\/2021\/04\/IMGP6977-768x512.jpg 768w, https:\/\/joematkad.ee\/wp-content\/uploads\/2021\/04\/IMGP6977-1536x1024.jpg 1536w, https:\/\/joematkad.ee\/wp-content\/uploads\/2021\/04\/IMGP6977-600x400.jpg 600w\" sizes=\"auto, (max-width: 2048px) 100vw, 2048px\" \/><\/a><\/div>[vc_column_text]<\/p>\n<h6>Canoe trip on the outskirts of Tartu<\/h6>\n<h5>Nice and easy canoe ride during the daytime in the green outskirts of Tartu. Paddle upstream about 3 kilometres from our base camp in Tartu and then flow back to the beginning point.<\/h5>\n<ul>\n<li>Duration about 2 hours<\/li>\n<li>Group size 1-50 people<\/li>\n<li><strong>Price 20 \u20ac\/per person<\/strong><\/li>\n<\/ul>\n<p><a href=\"https:\/\/joematkad.ee\/en\/matkapaketid\/kanuusoit-emajoel\/\"><strong>MORE INFORMATION<\/strong><\/a>[\/vc_column_text][\/vc_column][vc_column width=&#8221;1\/3&#8243;]<div class=\"single_image wpb_content_element align-left    \" data-animation=\"none\" data-delay=\"0\"><a href=\"https:\/\/joematkad.ee\/en\/paikeseloojangumatk\/\" target=\"_self\"><img loading=\"lazy\" decoding=\"async\" width=\"2048\" height=\"1365\" src=\"https:\/\/joematkad.ee\/wp-content\/uploads\/2025\/07\/IMGP9575-edited.jpg\" class=\"attachment-full\" alt=\"Sunset canoe ride\" title=\"Sunset canoe ride\" srcset=\"https:\/\/joematkad.ee\/wp-content\/uploads\/2025\/07\/IMGP9575-edited.jpg 2048w, https:\/\/joematkad.ee\/wp-content\/uploads\/2025\/07\/IMGP9575-edited-300x200.jpg 300w, https:\/\/joematkad.ee\/wp-content\/uploads\/2025\/07\/IMGP9575-edited-1024x683.jpg 1024w, https:\/\/joematkad.ee\/wp-content\/uploads\/2025\/07\/IMGP9575-edited-768x512.jpg 768w, https:\/\/joematkad.ee\/wp-content\/uploads\/2025\/07\/IMGP9575-edited-1536x1024.jpg 1536w, https:\/\/joematkad.ee\/wp-content\/uploads\/2025\/07\/IMGP9575-edited-600x400.jpg 600w\" sizes=\"auto, (max-width: 2048px) 100vw, 2048px\" \/><\/a><span class=\"single_image_caption\">Sunset canoe ride<\/span><\/div>[vc_column_text]<\/p>\n<h6>Sunset canoe trip<\/h6>\n<h5>Nice and romantic canoe ride on river Emaj\u00f5gi during the sunset time.<\/h5>\n<ul>\n<li>Duration about 2 hours<\/li>\n<li>Group size 1-50 people<\/li>\n<li><strong>Price from 25 \u20ac\/per person<\/strong><\/li>\n<\/ul>\n<p><a href=\"https:\/\/joematkad.ee\/en\/paikeseloojangumatk\/\"><strong>MORE INFORMATION<\/strong><\/a>[\/vc_column_text][\/vc_column][vc_column width=&#8221;1\/3&#8243;]<div class=\"single_image wpb_content_element align-left    \" data-animation=\"none\" data-delay=\"0\"><a href=\"http:\/\/www.joematkad.ee\/torvikumatk\" target=\"_self\"><img loading=\"lazy\" decoding=\"async\" width=\"1200\" height=\"795\" src=\"https:\/\/joematkad.ee\/wp-content\/uploads\/2018\/04\/oomatk-03.jpg\" class=\"attachment-full\" alt=\"\" title=\"oomatk-03\" srcset=\"https:\/\/joematkad.ee\/wp-content\/uploads\/2018\/04\/oomatk-03.jpg 1200w, https:\/\/joematkad.ee\/wp-content\/uploads\/2018\/04\/oomatk-03-300x199.jpg 300w, https:\/\/joematkad.ee\/wp-content\/uploads\/2018\/04\/oomatk-03-768x509.jpg 768w, https:\/\/joematkad.ee\/wp-content\/uploads\/2018\/04\/oomatk-03-1024x678.jpg 1024w\" sizes=\"auto, (max-width: 1200px) 100vw, 1200px\" \/><\/a><\/div>[vc_column_text]<\/p>\n<h6>Torchlight canoe trip<\/h6>\n<h5><b>Exciting and romantic nocturnal canoe trip on river Emaj\u00f5gi at the outskirts of Tartu.<\/b><\/h5>\n<ul>\n<li>Duration about 2 hours<\/li>\n<li>Group size 1-40 participants<\/li>\n<li><strong>Price from 30\u20ac\/per person<\/strong><\/li>\n<\/ul>\n<p><a href=\"https:\/\/joematkad.ee\/en\/torvikumatk\/\"><strong>MORE INFORMATION<\/strong><\/a>[\/vc_column_text][\/vc_column][\/vc_row][vc_row bottom_padding=&#8221;40&#8243;][vc_column width=&#8221;1\/1&#8243;]<div class=\"newdivider align-center\" style=\"border-bottom-style: solid; border-color: #999999; border-bottom-width: 1px; margin-top: 0; margin-bottom: 0; width: 100%; \"><\/div><div class=\"clear\"><\/div>[\/vc_column][\/vc_row][vc_row top_padding=&#8221;0&#8243; bottom_padding=&#8221;30&#8243; bg_position=&#8221;left top&#8221;][vc_column width=&#8221;1\/3&#8243;]<div class=\"single_image wpb_content_element align-left    \" data-animation=\"none\" data-delay=\"0\"><a href=\"http:\/\/www.joematkad.ee\/tartu-linnamatk\" target=\"_self\"><img loading=\"lazy\" decoding=\"async\" width=\"1200\" height=\"795\" src=\"https:\/\/joematkad.ee\/wp-content\/uploads\/2018\/04\/tartu-linnamatk.jpg\" class=\"attachment-full\" alt=\"\" title=\"tartu-linnamatk\" srcset=\"https:\/\/joematkad.ee\/wp-content\/uploads\/2018\/04\/tartu-linnamatk.jpg 1200w, https:\/\/joematkad.ee\/wp-content\/uploads\/2018\/04\/tartu-linnamatk-300x199.jpg 300w, https:\/\/joematkad.ee\/wp-content\/uploads\/2018\/04\/tartu-linnamatk-768x509.jpg 768w, https:\/\/joematkad.ee\/wp-content\/uploads\/2018\/04\/tartu-linnamatk-1024x678.jpg 1024w\" sizes=\"auto, (max-width: 1200px) 100vw, 1200px\" \/><\/a><\/div>[vc_column_text]<\/p>\n<h6>Tartu linnamatk<\/h6>\n<h5>Tutvume Tartu kesklinnaga tavap\u00e4rasest veidi erineva nurga alt &#8211; kanuudega m\u00f6\u00f6da Emaj\u00f5ge seigeldes.<\/h5>\n<ul>\n<li>Kestus 2-3 tundi<\/li>\n<li>Grupi suurus 1-40 osalejat<\/li>\n<li><strong>Hind alates 20 \u20ac\/osaleja<\/strong><\/li>\n<\/ul>\n<p><a href=\"https:\/\/joematkad.ee\/tartu-linnamatk\/\"><strong>VAATA L\u00c4HEMALT<\/strong><\/a>[\/vc_column_text][\/vc_column][vc_column width=&#8221;1\/3&#8243;]<div class=\"single_image wpb_content_element align-left    \" data-animation=\"none\" data-delay=\"0\"><a href=\"https:\/\/www.joematkad.ee\/amme-jogi\/\" target=\"_self\"><img loading=\"lazy\" decoding=\"async\" width=\"2048\" height=\"1365\" src=\"https:\/\/joematkad.ee\/wp-content\/uploads\/2021\/04\/IMGP3615-1.jpg\" class=\"attachment-full\" alt=\"\" title=\"IMGP3615\" srcset=\"https:\/\/joematkad.ee\/wp-content\/uploads\/2021\/04\/IMGP3615-1.jpg 2048w, https:\/\/joematkad.ee\/wp-content\/uploads\/2021\/04\/IMGP3615-1-300x200.jpg 300w, https:\/\/joematkad.ee\/wp-content\/uploads\/2021\/04\/IMGP3615-1-1024x683.jpg 1024w, https:\/\/joematkad.ee\/wp-content\/uploads\/2021\/04\/IMGP3615-1-768x512.jpg 768w, https:\/\/joematkad.ee\/wp-content\/uploads\/2021\/04\/IMGP3615-1-1536x1024.jpg 1536w, https:\/\/joematkad.ee\/wp-content\/uploads\/2021\/04\/IMGP3615-1-600x400.jpg 600w\" sizes=\"auto, (max-width: 2048px) 100vw, 2048px\" \/><\/a><\/div>[vc_column_text]<\/p>\n<h6>Amme j\u00f5gi-Tartu<\/h6>\n<h5><strong>Amme j\u00f5e marsruut sisustab teile m\u00f5nusa pikkusega matkap\u00e4eva kaunite looduslike ja poollooduslike maastike keskel. Kanuus\u00f5it kulgeb t\u00e4ies ulatuses allavoolu ja on j\u00f5ukohane ka algajatele. Sobib h\u00e4sti p\u00e4evaseks perepuhkuseks v\u00f5i v\u00e4ljas\u00f5iduks rohelusse koos s\u00f5pruskonna v\u00f5i t\u00f6\u00f6kollektiiviga.<\/strong><\/h5>\n<ul>\n<li>Kestus ca 5 tundi<\/li>\n<li>1-40 osalejat<\/li>\n<li><strong>Hind alates 30 \u20ac\/osaleja<\/strong><\/li>\n<\/ul>\n<p><strong><a href=\"http:\/\/www.joematkad.ee\/amme-jogi\/\">VAATA L\u00c4HEMALT<\/a><\/strong>[\/vc_column_text][\/vc_column][vc_column width=&#8221;1\/3&#8243;]<div class=\"single_image wpb_content_element align-left    \" data-animation=\"none\" data-delay=\"0\"><a href=\"http:\/\/www.joematkad.ee\/torvikumatk\" target=\"_self\"><img loading=\"lazy\" decoding=\"async\" width=\"2048\" height=\"1365\" src=\"https:\/\/joematkad.ee\/wp-content\/uploads\/2021\/04\/IMGP7910.jpg\" class=\"attachment-full\" alt=\"\" title=\"IMGP7910\" srcset=\"https:\/\/joematkad.ee\/wp-content\/uploads\/2021\/04\/IMGP7910.jpg 2048w, https:\/\/joematkad.ee\/wp-content\/uploads\/2021\/04\/IMGP7910-300x200.jpg 300w, https:\/\/joematkad.ee\/wp-content\/uploads\/2021\/04\/IMGP7910-1024x683.jpg 1024w, https:\/\/joematkad.ee\/wp-content\/uploads\/2021\/04\/IMGP7910-768x512.jpg 768w, https:\/\/joematkad.ee\/wp-content\/uploads\/2021\/04\/IMGP7910-1536x1024.jpg 1536w, https:\/\/joematkad.ee\/wp-content\/uploads\/2021\/04\/IMGP7910-600x400.jpg 600w\" sizes=\"auto, (max-width: 2048px) 100vw, 2048px\" \/><\/a><\/div>[vc_column_text]<\/p>\n<h6>Kanuumatk Alam-Pedjalt Tartusse<\/h6>\n<h5>Korralik loodusmatka marsruut inimasustusest puutumata j\u00e4\u00e4nud Alam-Pedja looduskaitsealal.<\/h5>\n<ul>\n<li>Kestus 2-3 p\u00e4eva<\/li>\n<li>1-30 osalejat<\/li>\n<li>Hind alates 90 eurot\/osaleja<\/li>\n<\/ul>\n<p><b>LISAINFO PEAGI TULEMAS<\/b>[\/vc_column_text][\/vc_column][\/vc_row][vc_row][vc_column width=&#8221;1\/1&#8243;]<div class=\"newdivider align-center\" style=\"border-bottom-style: solid; border-color: #999999; border-bottom-width: 1px; margin-top: 0; margin-bottom: 0; width: 100%; \"><\/div><div class=\"clear\"><\/div>[\/vc_column][\/vc_row][vc_row top_padding=&#8221;60&#8243; bottom_padding=&#8221;60&#8243; bg_position=&#8221;left top&#8221;][vc_column width=&#8221;1\/3&#8243;]<div class=\"single_image wpb_content_element align-left    \" data-animation=\"none\" data-delay=\"0\"><a href=\"https:\/\/joematkad.ee\/karevere\/\" target=\"_self\"><img loading=\"lazy\" decoding=\"async\" width=\"1200\" height=\"795\" src=\"https:\/\/joematkad.ee\/wp-content\/uploads\/2018\/04\/01krv.jpg\" class=\"attachment-full\" alt=\"\" title=\"01krv\" srcset=\"https:\/\/joematkad.ee\/wp-content\/uploads\/2018\/04\/01krv.jpg 1200w, https:\/\/joematkad.ee\/wp-content\/uploads\/2018\/04\/01krv-300x199.jpg 300w, https:\/\/joematkad.ee\/wp-content\/uploads\/2018\/04\/01krv-768x509.jpg 768w, https:\/\/joematkad.ee\/wp-content\/uploads\/2018\/04\/01krv-1024x678.jpg 1024w\" sizes=\"auto, (max-width: 1200px) 100vw, 1200px\" \/><\/a><\/div>[vc_column_text]<\/p>\n<h6>K\u00e4revere-Tartu kanuumatk (ilma matkajuhita)<\/h6>\n<h5><strong>See marsruut sisustab teile m\u00f5nusa pikkusega matkap\u00e4eva. Valige ise endale meelep\u00e4rane s\u00f5idutempo ja peatuspaigad \u2013 looduskaunil Emaj\u00f5e kallasrajal jagub neid piisavalt.<\/strong><\/h5>\n<ul>\n<li>Kestus: ca 4 tundi<\/li>\n<li>Grupi suurus: 1-40 osalejat<\/li>\n<li>Hind: alates 30 \u20ac\/osaleja<\/li>\n<\/ul>\n<p><strong><a href=\"https:\/\/joematkad.ee\/karevere\/\">VAATA L\u00c4HEMALT<\/a><\/strong>[\/vc_column_text][\/vc_column][vc_column width=&#8221;1\/3&#8243;]<div class=\"single_image wpb_content_element align-left    \" data-animation=\"none\" data-delay=\"0\"><a href=\"https:\/\/joematkad.ee\/ilmatsalu\/\" target=\"_self\"><img loading=\"lazy\" decoding=\"async\" width=\"1200\" height=\"795\" src=\"https:\/\/joematkad.ee\/wp-content\/uploads\/2018\/04\/ilmatsalu.jpg\" class=\"attachment-full\" alt=\"\" title=\"ilmatsalu\" srcset=\"https:\/\/joematkad.ee\/wp-content\/uploads\/2018\/04\/ilmatsalu.jpg 1200w, https:\/\/joematkad.ee\/wp-content\/uploads\/2018\/04\/ilmatsalu-300x199.jpg 300w, https:\/\/joematkad.ee\/wp-content\/uploads\/2018\/04\/ilmatsalu-768x509.jpg 768w, https:\/\/joematkad.ee\/wp-content\/uploads\/2018\/04\/ilmatsalu-1024x678.jpg 1024w\" sizes=\"auto, (max-width: 1200px) 100vw, 1200px\" \/><\/a><\/div>[vc_column_text]<\/p>\n<h6>Kahep\u00e4evane kanuumatk R\u00f5hu-Ilmatsalu-Tartu<\/h6>\n<h5><strong>Lihtne kahep\u00e4evane ilma matkajuhita kanuuretk telkimisega RMK laagriplatsil ja jalutusk\u00e4ikudega metsaradadel, sobib h\u00e4sti algajatele kanuutajatele, kuid pakub meeldiva looduselamuse ka kogenud veematkajatele.<\/strong><\/h5>\n<ul>\n<li>Kestus 2 p\u00e4eva<\/li>\n<li>1-30 osalejat<\/li>\n<li>Hind 35 \u20ac\/osaleja<\/li>\n<\/ul>\n<p><strong><a href=\"https:\/\/joematkad.ee\/ilmatsalu\/\">VAATA L\u00c4HEMALT<\/a><\/strong>[\/vc_column_text][\/vc_column][vc_column width=&#8221;1\/3&#8243;]<div class=\"single_image wpb_content_element align-left    \" data-animation=\"none\" data-delay=\"0\"><a href=\"https:\/\/joematkad.ee\/kopravaatlus\/\" target=\"_self\"><img loading=\"lazy\" decoding=\"async\" width=\"2048\" height=\"1366\" src=\"https:\/\/joematkad.ee\/wp-content\/uploads\/2020\/05\/05_kopramatk_joematkad-ee.jpg\" class=\"attachment-full\" alt=\"\" title=\"05_kopramatk_joematkad-ee\" srcset=\"https:\/\/joematkad.ee\/wp-content\/uploads\/2020\/05\/05_kopramatk_joematkad-ee.jpg 2048w, https:\/\/joematkad.ee\/wp-content\/uploads\/2020\/05\/05_kopramatk_joematkad-ee-300x200.jpg 300w, https:\/\/joematkad.ee\/wp-content\/uploads\/2020\/05\/05_kopramatk_joematkad-ee-768x512.jpg 768w, https:\/\/joematkad.ee\/wp-content\/uploads\/2020\/05\/05_kopramatk_joematkad-ee-1024x683.jpg 1024w, https:\/\/joematkad.ee\/wp-content\/uploads\/2020\/05\/05_kopramatk_joematkad-ee-600x400.jpg 600w\" sizes=\"auto, (max-width: 2048px) 100vw, 2048px\" \/><\/a><\/div>[vc_column_text]<\/p>\n<h6>Kopravaatlusmatk kanuudel<\/h6>\n<h5><strong>\u00d5htune kopravaatlusretk Emaj\u00f5el Tartu k\u00fclje all.<\/strong><\/h5>\n<ul>\n<li>Kestus ca 3 tundi<\/li>\n<li>1-9 osalejat<\/li>\n<li><strong>Hind alates 35 \u20ac\/osaleja<\/strong><\/li>\n<li>K\u00f5ige parem aeg kobraste vaatlemiseks on mai ja juuni<\/li>\n<\/ul>\n<p><strong><a href=\"https:\/\/joematkad.ee\/kopravaatlus\/\">VAATA L\u00c4HEMALT<\/a><\/strong>[\/vc_column_text][\/vc_column][\/vc_row][vc_row top_padding=&#8221;30&#8243; bottom_padding=&#8221;30&#8243;][vc_column width=&#8221;1\/1&#8243;]<div class=\"newdivider align-center\" style=\"border-bottom-style: solid; border-color: #999999; border-bottom-width: 1px; margin-top: 0; margin-bottom: 0; width: 100%; \"><\/div><div class=\"clear\"><\/div>[\/vc_column][\/vc_row][vc_row top_padding=&#8221;40&#8243; row_id=&#8221;registreerumisvorm&#8221;][vc_column width=&#8221;1\/2&#8243;][vc_custom_heading text=&#8221;Matkapaketi tellimiseks t\u00e4itke allolev registreerumisvorm.&#8221; font_container=&#8221;tag:h3|text_align:left&#8221; google_fonts=&#8221;font_family:Open%20Sans%3A300%2C300italic%2Cregular%2Citalic%2C600%2C600italic%2C700%2C700italic%2C800%2C800italic|font_style:400%20regular%3A400%3Anormal&#8221;][vc_column_text]<div class=\"wpforms-container wpforms-container-full\" id=\"wpforms-15522\"><form id=\"wpforms-form-15522\" class=\"wpforms-validate wpforms-form\" data-formid=\"15522\" method=\"post\" enctype=\"multipart\/form-data\" action=\"\/en\/wp-json\/wp\/v2\/pages\/15496\" data-token=\"c79e5a35d181618d9fea1419ebab0266\" data-token-time=\"1776766104\"><noscript class=\"wpforms-error-noscript\">Please enable JavaScript in your browser to complete this form.<\/noscript><div class=\"wpforms-field-container\"><div id=\"wpforms-15522-field_3-container\" class=\"wpforms-field wpforms-field-text\" data-field-id=\"3\"><label class=\"wpforms-field-label\" for=\"wpforms-15522-field_3\">Nimi <span class=\"wpforms-required-label\">*<\/span><\/label><input type=\"text\" id=\"wpforms-15522-field_3\" class=\"wpforms-field-medium wpforms-field-required\" name=\"wpforms[fields][3]\" required><\/div><div id=\"wpforms-15522-field_1-container\" class=\"wpforms-field wpforms-field-email\" data-field-id=\"1\"><label class=\"wpforms-field-label\" for=\"wpforms-15522-field_1\">E-mail <span class=\"wpforms-required-label\">*<\/span><\/label><input type=\"email\" id=\"wpforms-15522-field_1\" class=\"wpforms-field-medium wpforms-field-required\" name=\"wpforms[fields][1]\" spellcheck=\"false\" required><\/div><div id=\"wpforms-15522-field_8-container\" class=\"wpforms-field wpforms-field-number\" data-field-id=\"8\"><label class=\"wpforms-field-label\" for=\"wpforms-15522-field_8\">Telefoninumber <span class=\"wpforms-required-label\">*<\/span><\/label><input type=\"number\" id=\"wpforms-15522-field_8\" class=\"wpforms-field-medium wpforms-field-required\" name=\"wpforms[fields][8]\" required><\/div><div id=\"wpforms-15522-field_4-container\" class=\"wpforms-field wpforms-field-text\" data-field-id=\"4\"><label class=\"wpforms-field-label\" for=\"wpforms-15522-field_4\">Millisele matkale soovid registreeruda?<\/label><input type=\"text\" id=\"wpforms-15522-field_4\" class=\"wpforms-field-medium\" name=\"wpforms[fields][4]\" ><div class=\"wpforms-field-description\">Palun sisesta matka nimi ja toimumise kuup\u00e4ev!<\/div><\/div><div id=\"wpforms-15522-field_6-container\" class=\"wpforms-field wpforms-field-text\" data-field-id=\"6\"><label class=\"wpforms-field-label\" for=\"wpforms-15522-field_6\">Millise matkapaketi soovid tellida?<\/label><input type=\"text\" id=\"wpforms-15522-field_6\" class=\"wpforms-field-medium\" name=\"wpforms[fields][6]\" ><div class=\"wpforms-field-description\">Palun sisesta matkapaketi nimi ja ajasoov!<\/div><\/div><div id=\"wpforms-15522-field_9-container\" class=\"wpforms-field wpforms-field-number\" data-field-id=\"9\"><label class=\"wpforms-field-label\" for=\"wpforms-15522-field_9\">Matkal osalejate arv <span class=\"wpforms-required-label\">*<\/span><\/label><input type=\"number\" id=\"wpforms-15522-field_9\" class=\"wpforms-field-medium wpforms-field-required\" name=\"wpforms[fields][9]\" required><\/div><div id=\"wpforms-15522-field_10-container\" class=\"wpforms-field wpforms-field-textarea\" data-field-id=\"10\"><label class=\"wpforms-field-label\" for=\"wpforms-15522-field_10\">K\u00fcsimused, kommentaarid:<\/label><textarea id=\"wpforms-15522-field_10\" class=\"wpforms-field-medium\" name=\"wpforms[fields][10]\" ><\/textarea><\/div><\/div><!-- .wpforms-field-container --><div class=\"wpforms-field wpforms-field-hp\"><label for=\"wpforms-15522-field-hp\" class=\"wpforms-field-label\">Comment<\/label><input type=\"text\" name=\"wpforms[hp]\" id=\"wpforms-15522-field-hp\" class=\"wpforms-field-medium\"><\/div><div class=\"wpforms-submit-container\" ><input type=\"hidden\" name=\"wpforms[id]\" value=\"15522\"><input type=\"hidden\" name=\"page_title\" value=\"\"><input type=\"hidden\" name=\"page_url\" value=\"https:\/\/joematkad.ee\/en\/wp-json\/wp\/v2\/pages\/15496\"><button type=\"submit\" name=\"wpforms[submit]\" id=\"wpforms-submit-15522\" class=\"wpforms-submit\" data-alt-text=\"Saadan...\" data-submit-text=\"Saada!\" aria-live=\"assertive\" value=\"wpforms-submit\">Saada!<\/button><\/div><\/form><\/div>  <!-- .wpforms-container -->[\/vc_column_text][\/vc_column][vc_column width=&#8221;1\/2&#8243;][\/vc_column][\/vc_row][vc_row][vc_column width=&#8221;1\/1&#8243;][vc_empty_space height=&#8221;64px&#8221;][\/vc_column][\/vc_row]<\/p>\n<\/div>","protected":false},"excerpt":{"rendered":"<p>[vc_row top_padding=&#8221;0&#8243; bottom_padding=&#8221;30&#8243; bg_position=&#8221;left top&#8221;][vc_column width=&#8221;1\/3&#8243;][vc_column_text] Canoe trip on the outskirts of Tartu Nice and easy canoe ride during the daytime in the green outskirts of Tartu. Paddle upstream about 3 kilometres from our base camp in Tartu and then flow back to the beginning point. Duration about 2 hours Group size 1-50 people Price 20 \u20ac\/per person MORE INFORMATION[\/vc_column_text][\/vc_column][vc_column width=&#8221;1\/3&#8243;][vc_column_text] Sunset canoe trip Nice and romantic canoe ride on river Emaj\u00f5gi during the sunset time. Duration about 2 hours Group size 1-50 people Price from 25 \u20ac\/per person MORE INFORMATION[\/vc_column_text][\/vc_column][vc_column width=&#8221;1\/3&#8243;][vc_column_text] Torchlight canoe trip Exciting and romantic nocturnal canoe trip on river Emaj\u00f5gi at the outskirts of Tartu. Duration about 2 hours Group size 1-40 participants Price from 30\u20ac\/per person MORE INFORMATION[\/vc_column_text][\/vc_column][\/vc_row][vc_row bottom_padding=&#8221;40&#8243;][vc_column width=&#8221;1\/1&#8243;][\/vc_column][\/vc_row][vc_row top_padding=&#8221;0&#8243; bottom_padding=&#8221;30&#8243; bg_position=&#8221;left top&#8221;][vc_column width=&#8221;1\/3&#8243;][vc_column_text] Tartu linnamatk Tutvume Tartu kesklinnaga tavap\u00e4rasest veidi erineva nurga alt &#8211; kanuudega m\u00f6\u00f6da Emaj\u00f5ge seigeldes. Kestus 2-3 tundi Grupi suurus 1-40 osalejat Hind alates 20 \u20ac\/osaleja VAATA L\u00c4HEMALT[\/vc_column_text][\/vc_column][vc_column width=&#8221;1\/3&#8243;][vc_column_text] Amme j\u00f5gi-Tartu Amme j\u00f5e marsruut sisustab teile m\u00f5nusa pikkusega matkap\u00e4eva kaunite looduslike ja poollooduslike maastike keskel. Kanuus\u00f5it kulgeb t\u00e4ies ulatuses allavoolu ja on j\u00f5ukohane ka algajatele. Sobib h\u00e4sti p\u00e4evaseks perepuhkuseks v\u00f5i v\u00e4ljas\u00f5iduks rohelusse koos s\u00f5pruskonna v\u00f5i t\u00f6\u00f6kollektiiviga. Kestus ca 5 tundi [&hellip;]<\/p>\n","protected":false},"author":1,"featured_media":0,"parent":0,"menu_order":0,"comment_status":"closed","ping_status":"closed","template":"","meta":{"_monsterinsights_skip_tracking":false,"_monsterinsights_sitenote_active":false,"_monsterinsights_sitenote_note":"","_monsterinsights_sitenote_category":0,"footnotes":""},"class_list":["post-15496","page","type-page","status-publish","hentry"],"aioseo_notices":[],"yoast_head":"<!-- This site is optimized with the Yoast SEO plugin v24.2 - https:\/\/yoast.com\/wordpress\/plugins\/seo\/ -->\n<title>Matkapaketid | J\u00f5ematkad<\/title>\n<meta name=\"description\" content=\"Telli oma seltskonnale privaatne kanuumatk.\" \/>\n<meta name=\"robots\" content=\"index, follow, max-snippet:-1, max-image-preview:large, max-video-preview:-1\" \/>\n<link rel=\"canonical\" href=\"https:\/\/joematkad.ee\/matkapaketid\/\" \/>\n<meta property=\"og:locale\" content=\"en_US\" \/>\n<meta property=\"og:type\" content=\"article\" \/>\n<meta property=\"og:title\" content=\"Matkapaketid | J\u00f5ematkad\" \/>\n<meta property=\"og:description\" content=\"Telli oma seltskonnale privaatne kanuumatk.\" \/>\n<meta property=\"og:url\" content=\"https:\/\/joematkad.ee\/matkapaketid\/\" \/>\n<meta property=\"og:site_name\" content=\"J\u00f5ematkad\" \/>\n<meta property=\"article:publisher\" content=\"https:\/\/www.facebook.com\/Joematkad.ee\/\" \/>\n<meta property=\"article:modified_time\" content=\"2025-07-08T15:25:05+00:00\" \/>\n<meta name=\"twitter:card\" content=\"summary_large_image\" \/>\n<meta name=\"twitter:label1\" content=\"Est. reading time\" \/>\n\t<meta name=\"twitter:data1\" content=\"4 minutes\" \/>\n<script type=\"application\/ld+json\" class=\"yoast-schema-graph\">{\"@context\":\"https:\/\/schema.org\",\"@graph\":[{\"@type\":\"WebPage\",\"@id\":\"https:\/\/joematkad.ee\/matkapaketid\/\",\"url\":\"https:\/\/joematkad.ee\/matkapaketid\/\",\"name\":\"Matkapaketid | J\u00f5ematkad\",\"isPartOf\":{\"@id\":\"https:\/\/www.joematkad.ee\/#website\"},\"datePublished\":\"2018-03-31T21:04:55+00:00\",\"dateModified\":\"2025-07-08T15:25:05+00:00\",\"description\":\"Telli oma seltskonnale privaatne kanuumatk.\",\"breadcrumb\":{\"@id\":\"https:\/\/joematkad.ee\/matkapaketid\/#breadcrumb\"},\"inLanguage\":\"en-US\",\"potentialAction\":[{\"@type\":\"ReadAction\",\"target\":[\"https:\/\/joematkad.ee\/matkapaketid\/\"]}]},{\"@type\":\"BreadcrumbList\",\"@id\":\"https:\/\/joematkad.ee\/matkapaketid\/#breadcrumb\",\"itemListElement\":[{\"@type\":\"ListItem\",\"position\":1,\"name\":\"Home\",\"item\":\"https:\/\/www.joematkad.ee\/\"},{\"@type\":\"ListItem\",\"position\":2,\"name\":\"Matkapaketid\"}]},{\"@type\":\"WebSite\",\"@id\":\"https:\/\/www.joematkad.ee\/#website\",\"url\":\"https:\/\/www.joematkad.ee\/\",\"name\":\"J\u00f5ematkad\",\"description\":\"Kanuuretked\",\"potentialAction\":[{\"@type\":\"SearchAction\",\"target\":{\"@type\":\"EntryPoint\",\"urlTemplate\":\"https:\/\/www.joematkad.ee\/?s={search_term_string}\"},\"query-input\":{\"@type\":\"PropertyValueSpecification\",\"valueRequired\":true,\"valueName\":\"search_term_string\"}}],\"inLanguage\":\"en-US\"}]}<\/script>\n<!-- \/ Yoast SEO plugin. -->","yoast_head_json":{"title":"Matkapaketid | J\u00f5ematkad","description":"Telli oma seltskonnale privaatne kanuumatk.","robots":{"index":"index","follow":"follow","max-snippet":"max-snippet:-1","max-image-preview":"max-image-preview:large","max-video-preview":"max-video-preview:-1"},"canonical":"https:\/\/joematkad.ee\/matkapaketid\/","og_locale":"en_US","og_type":"article","og_title":"Matkapaketid | J\u00f5ematkad","og_description":"Telli oma seltskonnale privaatne kanuumatk.","og_url":"https:\/\/joematkad.ee\/matkapaketid\/","og_site_name":"J\u00f5ematkad","article_publisher":"https:\/\/www.facebook.com\/Joematkad.ee\/","article_modified_time":"2025-07-08T15:25:05+00:00","twitter_card":"summary_large_image","twitter_misc":{"Est. reading time":"4 minutes"},"schema":{"@context":"https:\/\/schema.org","@graph":[{"@type":"WebPage","@id":"https:\/\/joematkad.ee\/matkapaketid\/","url":"https:\/\/joematkad.ee\/matkapaketid\/","name":"Matkapaketid | J\u00f5ematkad","isPartOf":{"@id":"https:\/\/www.joematkad.ee\/#website"},"datePublished":"2018-03-31T21:04:55+00:00","dateModified":"2025-07-08T15:25:05+00:00","description":"Telli oma seltskonnale privaatne kanuumatk.","breadcrumb":{"@id":"https:\/\/joematkad.ee\/matkapaketid\/#breadcrumb"},"inLanguage":"en-US","potentialAction":[{"@type":"ReadAction","target":["https:\/\/joematkad.ee\/matkapaketid\/"]}]},{"@type":"BreadcrumbList","@id":"https:\/\/joematkad.ee\/matkapaketid\/#breadcrumb","itemListElement":[{"@type":"ListItem","position":1,"name":"Home","item":"https:\/\/www.joematkad.ee\/"},{"@type":"ListItem","position":2,"name":"Matkapaketid"}]},{"@type":"WebSite","@id":"https:\/\/www.joematkad.ee\/#website","url":"https:\/\/www.joematkad.ee\/","name":"J\u00f5ematkad","description":"Kanuuretked","potentialAction":[{"@type":"SearchAction","target":{"@type":"EntryPoint","urlTemplate":"https:\/\/www.joematkad.ee\/?s={search_term_string}"},"query-input":{"@type":"PropertyValueSpecification","valueRequired":true,"valueName":"search_term_string"}}],"inLanguage":"en-US"}]}},"_links":{"self":[{"href":"https:\/\/joematkad.ee\/en\/wp-json\/wp\/v2\/pages\/15496","targetHints":{"allow":["GET"]}}],"collection":[{"href":"https:\/\/joematkad.ee\/en\/wp-json\/wp\/v2\/pages"}],"about":[{"href":"https:\/\/joematkad.ee\/en\/wp-json\/wp\/v2\/types\/page"}],"author":[{"embeddable":true,"href":"https:\/\/joematkad.ee\/en\/wp-json\/wp\/v2\/users\/1"}],"replies":[{"embeddable":true,"href":"https:\/\/joematkad.ee\/en\/wp-json\/wp\/v2\/comments?post=15496"}],"version-history":[{"count":5,"href":"https:\/\/joematkad.ee\/en\/wp-json\/wp\/v2\/pages\/15496\/revisions"}],"predecessor-version":[{"id":16866,"href":"https:\/\/joematkad.ee\/en\/wp-json\/wp\/v2\/pages\/15496\/revisions\/16866"}],"wp:attachment":[{"href":"https:\/\/joematkad.ee\/en\/wp-json\/wp\/v2\/media?parent=15496"}],"curies":[{"name":"wp","href":"https:\/\/api.w.org\/{rel}","templated":true}]}}